{"id":1350,"date":"2022-04-03T14:02:25","date_gmt":"2022-04-03T14:02:25","guid":{"rendered":"https:\/\/wakacyjnyrewal.pl\/provensalsky\/"},"modified":"2025-10-14T20:25:47","modified_gmt":"2025-10-14T20:25:47","slug":"provensalsky","status":"publish","type":"page","link":"https:\/\/wakacyjnyrewal.pl\/cs\/provensalsky\/","title":{"rendered":"Provens\u00e1lsk\u00fd"},"content":{"rendered":"\n<h1 class=\"wp-block-heading\">Provens\u00e1lsk\u00fd apartm\u00e1n<\/h1>\n\n<div style=\"height:40px\" aria-hidden=\"true\" class=\"wp-block-spacer\"><\/div>\n\n<h2 class=\"wp-block-heading\">Rewal, ul. Rycerska 4 <\/h2>\n\n<p><strong>47 m\u00b2 pro max. 5 osob  <\/strong><\/p>\n\n<div class=\"wp-block-columns is-layout-flex wp-container-3\">\n<div class=\"wp-block-column is-layout-flow\" style=\"flex-basis:66.66%\">\n<p>Pono\u0159te se do atmosf\u00e9ry ji\u017en\u00ed Francie, kde v\u016fn\u011b levandule a oliv vytv\u00e1\u0159\u00ed jedine\u010dnou n\u00e1ladu. N\u00e1\u0161 Provens\u00e1lsk\u00fd apartm\u00e1n okouzluje sv\u00fdm rustik\u00e1ln\u00edm p\u016fvabem, pastelov\u00fdmi barvami a dekorativn\u00edmi prvky. Provens\u00e1lsk\u00fd apartm\u00e1n m\u00e1 prostornou, pln\u011b vybavenou kuchy\u0148, kde si m\u016f\u017eete p\u0159ipravit sv\u00e1 obl\u00edben\u00e1 j\u00eddla. Kuchy\u0148 je za\u0159\u00edzena v modern\u00edm stylu a nab\u00edz\u00ed ve\u0161ker\u00e9 pot\u0159ebn\u00e9 vybaven\u00ed jako ledni\u010dku, spor\u00e1k, my\u010dku, op\u00e9ka\u010d, mikrovlnnou troubu, n\u00e1dob\u00ed a p\u0159\u00edbory, stejn\u011b jako sadu na p\u0159\u00edpravu k\u00e1vy a \u010daje a velk\u00fd st\u016fl. Va\u0159en\u00ed si u\u017eijete a p\u0159i j\u00eddle budete m\u00edt skv\u011blou p\u0159\u00edle\u017eitost pod\u011blit se o vzpom\u00ednky z pozn\u00e1v\u00e1n\u00ed sv\u011bta.    <\/p>\n\n\n\n<p>V apartm\u00e1nu jsou tak\u00e9 dv\u011b dvoul\u016f\u017ekov\u00e9 lo\u017enice s toaletn\u00edmi stolky, ob\u00fdvac\u00ed pokoj s rozkl\u00e1dac\u00ed pohovkou, plochou smart TV a Wi-Fi a prostorn\u00e1 koupelna se sprchou a pra\u010dkou. <\/p>\n\n\n\n<p>M\u00e1 samostatn\u00fd vchod a nach\u00e1z\u00ed se v pat\u0159e, kam vedou samostatn\u00e9 schody. Do apartm\u00e1nu m\u016f\u017eete p\u0159ijet na dovolenou se psem, ko\u010dkou nebo jin\u00fdm mal\u00fdm dom\u00e1c\u00edm mazl\u00ed\u010dkem, k dispozici je tak\u00e9 parkovac\u00ed m\u00edsto. Po p\u0159edchoz\u00ed domluv\u011b je mo\u017en\u00e9 vyzvednout kl\u00ed\u010de ze schr\u00e1nky.  <\/p>\n<\/div>\n\n\n\n<div class=\"wp-block-column is-layout-flow\" style=\"flex-basis:33.33%\">\n<figure class=\"wp-block-image size-full is-style-default\"><a href=\"https:\/\/i0.wp.com\/wakacyjnyrewal.pl\/wp-content\/uploads\/2022\/04\/prowansalski-1.jpg\"><img decoding=\"async\" src=\"https:\/\/i0.wp.com\/wakacyjnyrewal.pl\/wp-content\/uploads\/2022\/04\/prowansalski-1.jpg?w=1200\" alt=\"\" class=\"wp-image-192\" data-recalc-dims=\"1\"\/><\/a><\/figure><\/div>\n<\/div>\n\n<h2 class=\"wp-block-heading\">Lokalita <\/h2>\n\n<div style=\"height:30px\" aria-hidden=\"true\" class=\"wp-block-spacer\"><\/div>\n\n<iframe src=\"https:\/\/www.google.com\/maps\/embed?pb=!1m18!1m12!1m3!1d1655.0299609108065!2d15.009902530226524!3d54.08144964975045!2m3!1f0!2f0!3f0!3m2!1i1024!2i768!4f13.1!3m3!1m2!1s0x4700762408b1bb6b%3A0x49741f20f25569ba!2sRycerska%204%2C%2072-344%20Rewal!5e0!3m2!1spl!2spl!4v1649442295365!5m2!1spl!2spl\" style=\"border:0;\" allowfullscreen=\"\" loading=\"lazy\" referrerpolicy=\"no-referrer-when-downgrade\" width=\"100%\" height=\"500\"><\/iframe>\n\n<div style=\"height:50px\" aria-hidden=\"true\" class=\"wp-block-spacer\"><\/div>\n\n<h2 class=\"wp-block-heading\">Fotogalerie<\/h2>\n\n<div style=\"height:30px\" aria-hidden=\"true\" class=\"wp-block-spacer\"><\/div>\n\n<div class=\"wp-block-jetpack-tiled-gallery aligncenter is-style-rectangular\"><div class=\"tiled-gallery__gallery\"><div class=\"tiled-gallery__row\"><div class=\"tiled-gallery__col\" style=\"flex-basis:28.05995%\"><figure class=\"tiled-gallery__item\"><a href=\"https:\/\/i0.wp.com\/wakacyjnyrewal.pl\/wp-content\/uploads\/2023\/05\/A91A5310-1024x683.jpg?ssl=1\"><img decoding=\"async\" srcset=\"https:\/\/i1.wp.com\/wakacyjnyrewal.pl\/wp-content\/uploads\/2023\/05\/A91A5310-1024x683.jpg?strip=info&#038;w=600&#038;ssl=1 600w,https:\/\/i1.wp.com\/wakacyjnyrewal.pl\/wp-content\/uploads\/2023\/05\/A91A5310-1024x683.jpg?strip=info&#038;w=800&#038;ssl=1 800w\" alt=\"Provence j\u00eddelna\/ob\u00fdvac\u00ed pokoj\" data-height=\"533\" data-id=\"658\" data-link=\"https:\/\/wakacyjnyrewal.pl\/a91a5310\/\" data-url=\"https:\/\/wakacyjnyrewal.pl\/wp-content\/uploads\/2023\/05\/A91A5310-1024x683.jpg\" data-width=\"800\" src=\"https:\/\/i1.wp.com\/wakacyjnyrewal.pl\/wp-content\/uploads\/2023\/05\/A91A5310-1024x683.jpg?ssl=1\" data-amp-layout=\"responsive\"><\/a><\/figure><figure class=\"tiled-gallery__item\"><a href=\"https:\/\/i0.wp.com\/wakacyjnyrewal.pl\/wp-content\/uploads\/2023\/05\/A91A5022-1024x683.jpg?ssl=1\"><img decoding=\"async\" srcset=\"https:\/\/i1.wp.com\/wakacyjnyrewal.pl\/wp-content\/uploads\/2023\/05\/A91A5022-1024x683.jpg?strip=info&#038;w=600&#038;ssl=1 600w,https:\/\/i1.wp.com\/wakacyjnyrewal.pl\/wp-content\/uploads\/2023\/05\/A91A5022-1024x683.jpg?strip=info&#038;w=800&#038;ssl=1 800w\" alt=\"Provence lo\u017enice 1\" data-height=\"533\" data-id=\"653\" data-link=\"https:\/\/wakacyjnyrewal.pl\/a91a5022\/\" data-url=\"https:\/\/wakacyjnyrewal.pl\/wp-content\/uploads\/2023\/05\/A91A5022-1024x683.jpg\" data-width=\"800\" src=\"https:\/\/i1.wp.com\/wakacyjnyrewal.pl\/wp-content\/uploads\/2023\/05\/A91A5022-1024x683.jpg?ssl=1\" data-amp-layout=\"responsive\"><\/a><\/figure><figure class=\"tiled-gallery__item\"><a href=\"https:\/\/i0.wp.com\/wakacyjnyrewal.pl\/wp-content\/uploads\/2023\/05\/A91A5511-1024x683.jpg?ssl=1\"><img decoding=\"async\" srcset=\"https:\/\/i1.wp.com\/wakacyjnyrewal.pl\/wp-content\/uploads\/2023\/05\/A91A5511-1024x683.jpg?strip=info&#038;w=600&#038;ssl=1 600w,https:\/\/i1.wp.com\/wakacyjnyrewal.pl\/wp-content\/uploads\/2023\/05\/A91A5511-1024x683.jpg?strip=info&#038;w=800&#038;ssl=1 800w\" alt=\"Provence kuchyn\u011b\" data-height=\"533\" data-id=\"661\" data-link=\"https:\/\/wakacyjnyrewal.pl\/a91a5511\/\" data-url=\"https:\/\/wakacyjnyrewal.pl\/wp-content\/uploads\/2023\/05\/A91A5511-1024x683.jpg\" data-width=\"800\" src=\"https:\/\/i1.wp.com\/wakacyjnyrewal.pl\/wp-content\/uploads\/2023\/05\/A91A5511-1024x683.jpg?ssl=1\" data-amp-layout=\"responsive\"><\/a><\/figure><\/div><div class=\"tiled-gallery__col\" style=\"flex-basis:43.88009%\"><figure class=\"tiled-gallery__item\"><a href=\"https:\/\/i0.wp.com\/wakacyjnyrewal.pl\/wp-content\/uploads\/2023\/05\/PS5_2003-683x1024.jpg?ssl=1\"><img decoding=\"async\" srcset=\"https:\/\/i2.wp.com\/wakacyjnyrewal.pl\/wp-content\/uploads\/2023\/05\/PS5_2003-683x1024.jpg?strip=info&#038;w=533&#038;ssl=1 533w\" alt=\"Provence toaletn\u00ed stolek\" data-height=\"800\" data-id=\"666\" data-link=\"https:\/\/wakacyjnyrewal.pl\/ps5_2003\/\" data-url=\"https:\/\/wakacyjnyrewal.pl\/wp-content\/uploads\/2023\/05\/PS5_2003-683x1024.jpg\" data-width=\"533\" src=\"https:\/\/i2.wp.com\/wakacyjnyrewal.pl\/wp-content\/uploads\/2023\/05\/PS5_2003-683x1024.jpg?ssl=1\" data-amp-layout=\"responsive\"><\/a><\/figure><\/div><div class=\"tiled-gallery__col\" style=\"flex-basis:28.05995%\"><figure class=\"tiled-gallery__item\"><a href=\"https:\/\/i0.wp.com\/wakacyjnyrewal.pl\/wp-content\/uploads\/2023\/05\/A91A5456-Edit-1024x683.jpg?ssl=1\"><img decoding=\"async\" srcset=\"https:\/\/i0.wp.com\/wakacyjnyrewal.pl\/wp-content\/uploads\/2023\/05\/A91A5456-Edit-1024x683.jpg?strip=info&#038;w=600&#038;ssl=1 600w,https:\/\/i0.wp.com\/wakacyjnyrewal.pl\/wp-content\/uploads\/2023\/05\/A91A5456-Edit-1024x683.jpg?strip=info&#038;w=800&#038;ssl=1 800w\" alt=\"Provence koupelna\" data-height=\"533\" data-id=\"660\" data-link=\"https:\/\/wakacyjnyrewal.pl\/a91a5456-edit\/\" data-url=\"https:\/\/wakacyjnyrewal.pl\/wp-content\/uploads\/2023\/05\/A91A5456-Edit-1024x683.jpg\" data-width=\"800\" src=\"https:\/\/i0.wp.com\/wakacyjnyrewal.pl\/wp-content\/uploads\/2023\/05\/A91A5456-Edit-1024x683.jpg?ssl=1\" data-amp-layout=\"responsive\"><\/a><\/figure><figure class=\"tiled-gallery__item\"><a href=\"https:\/\/i0.wp.com\/wakacyjnyrewal.pl\/wp-content\/uploads\/2023\/05\/A91A5246-1024x683.jpg?ssl=1\"><img decoding=\"async\" srcset=\"https:\/\/i2.wp.com\/wakacyjnyrewal.pl\/wp-content\/uploads\/2023\/05\/A91A5246-1024x683.jpg?strip=info&#038;w=600&#038;ssl=1 600w,https:\/\/i2.wp.com\/wakacyjnyrewal.pl\/wp-content\/uploads\/2023\/05\/A91A5246-1024x683.jpg?strip=info&#038;w=800&#038;ssl=1 800w\" alt=\"Provence ob\u00fdvac\u00ed pokoj\" data-height=\"533\" data-id=\"657\" data-link=\"https:\/\/wakacyjnyrewal.pl\/a91a5246\/\" data-url=\"https:\/\/wakacyjnyrewal.pl\/wp-content\/uploads\/2023\/05\/A91A5246-1024x683.jpg\" data-width=\"800\" src=\"https:\/\/i2.wp.com\/wakacyjnyrewal.pl\/wp-content\/uploads\/2023\/05\/A91A5246-1024x683.jpg?ssl=1\" data-amp-layout=\"responsive\"><\/a><\/figure><figure class=\"tiled-gallery__item\"><a href=\"https:\/\/i0.wp.com\/wakacyjnyrewal.pl\/wp-content\/uploads\/2023\/05\/A91A5150-1024x683.jpg?ssl=1\"><img decoding=\"async\" srcset=\"https:\/\/i2.wp.com\/wakacyjnyrewal.pl\/wp-content\/uploads\/2023\/05\/A91A5150-1024x683.jpg?strip=info&#038;w=600&#038;ssl=1 600w,https:\/\/i2.wp.com\/wakacyjnyrewal.pl\/wp-content\/uploads\/2023\/05\/A91A5150-1024x683.jpg?strip=info&#038;w=800&#038;ssl=1 800w\" alt=\"Provence lo\u017enice 2\" data-height=\"533\" data-id=\"656\" data-link=\"https:\/\/wakacyjnyrewal.pl\/a91a5150\/\" data-url=\"https:\/\/wakacyjnyrewal.pl\/wp-content\/uploads\/2023\/05\/A91A5150-1024x683.jpg\" data-width=\"800\" src=\"https:\/\/i2.wp.com\/wakacyjnyrewal.pl\/wp-content\/uploads\/2023\/05\/A91A5150-1024x683.jpg?ssl=1\" data-amp-layout=\"responsive\"><\/a><\/figure><\/div><\/div><div class=\"tiled-gallery__row\"><div class=\"tiled-gallery__col\" style=\"flex-basis:66.74558%\"><figure class=\"tiled-gallery__item\"><a href=\"https:\/\/i0.wp.com\/wakacyjnyrewal.pl\/wp-content\/uploads\/2023\/05\/A91A5526-1024x683.jpg?ssl=1\"><img decoding=\"async\" srcset=\"https:\/\/i1.wp.com\/wakacyjnyrewal.pl\/wp-content\/uploads\/2023\/05\/A91A5526-1024x683.jpg?strip=info&#038;w=600&#038;ssl=1 600w,https:\/\/i1.wp.com\/wakacyjnyrewal.pl\/wp-content\/uploads\/2023\/05\/A91A5526-1024x683.jpg?strip=info&#038;w=800&#038;ssl=1 800w\" alt=\"Provence ob\u00fdvac\u00ed pokoj \/ kuchyn\u011b\" data-height=\"533\" data-id=\"662\" data-link=\"https:\/\/wakacyjnyrewal.pl\/a91a5526\/\" data-url=\"https:\/\/wakacyjnyrewal.pl\/wp-content\/uploads\/2023\/05\/A91A5526-1024x683.jpg\" data-width=\"800\" src=\"https:\/\/i1.wp.com\/wakacyjnyrewal.pl\/wp-content\/uploads\/2023\/05\/A91A5526-1024x683.jpg?ssl=1\" data-amp-layout=\"responsive\"><\/a><\/figure><\/div><div class=\"tiled-gallery__col\" style=\"flex-basis:33.25442%\"><figure class=\"tiled-gallery__item\"><a href=\"https:\/\/i0.wp.com\/wakacyjnyrewal.pl\/wp-content\/uploads\/2023\/05\/PS5_1958-Edit-1024x683.jpg?ssl=1\"><img decoding=\"async\" srcset=\"https:\/\/i1.wp.com\/wakacyjnyrewal.pl\/wp-content\/uploads\/2023\/05\/PS5_1958-Edit-1024x683.jpg?strip=info&#038;w=600&#038;ssl=1 600w,https:\/\/i1.wp.com\/wakacyjnyrewal.pl\/wp-content\/uploads\/2023\/05\/PS5_1958-Edit-1024x683.jpg?strip=info&#038;w=800&#038;ssl=1 800w\" alt=\"Provence detail\" data-height=\"533\" data-id=\"665\" data-link=\"https:\/\/wakacyjnyrewal.pl\/ps5_1958-edit\/\" data-url=\"https:\/\/wakacyjnyrewal.pl\/wp-content\/uploads\/2023\/05\/PS5_1958-Edit-1024x683.jpg\" data-width=\"800\" src=\"https:\/\/i1.wp.com\/wakacyjnyrewal.pl\/wp-content\/uploads\/2023\/05\/PS5_1958-Edit-1024x683.jpg?ssl=1\" data-amp-layout=\"responsive\"><\/a><\/figure><figure class=\"tiled-gallery__item\"><a href=\"https:\/\/i0.wp.com\/wakacyjnyrewal.pl\/wp-content\/uploads\/2023\/05\/A91A5441-Edit-Edit-1024x683.jpg?ssl=1\"><img decoding=\"async\" srcset=\"https:\/\/i0.wp.com\/wakacyjnyrewal.pl\/wp-content\/uploads\/2023\/05\/A91A5441-Edit-Edit-1024x683.jpg?strip=info&#038;w=600&#038;ssl=1 600w,https:\/\/i0.wp.com\/wakacyjnyrewal.pl\/wp-content\/uploads\/2023\/05\/A91A5441-Edit-Edit-1024x683.jpg?strip=info&#038;w=800&#038;ssl=1 800w\" alt=\"Provence koupelna\" data-height=\"533\" data-id=\"659\" data-link=\"https:\/\/wakacyjnyrewal.pl\/a91a5441-edit-edit\/\" data-url=\"https:\/\/wakacyjnyrewal.pl\/wp-content\/uploads\/2023\/05\/A91A5441-Edit-Edit-1024x683.jpg\" data-width=\"800\" src=\"https:\/\/i0.wp.com\/wakacyjnyrewal.pl\/wp-content\/uploads\/2023\/05\/A91A5441-Edit-Edit-1024x683.jpg?ssl=1\" data-amp-layout=\"responsive\"><\/a><\/figure><\/div><\/div><div class=\"tiled-gallery__row\"><div class=\"tiled-gallery__col\" style=\"flex-basis:33.33333%\"><figure class=\"tiled-gallery__item\"><a href=\"https:\/\/i0.wp.com\/wakacyjnyrewal.pl\/wp-content\/uploads\/2023\/05\/A91A5078-1024x683.jpg?ssl=1\"><img decoding=\"async\" srcset=\"https:\/\/i1.wp.com\/wakacyjnyrewal.pl\/wp-content\/uploads\/2023\/05\/A91A5078-1024x683.jpg?strip=info&#038;w=600&#038;ssl=1 600w,https:\/\/i1.wp.com\/wakacyjnyrewal.pl\/wp-content\/uploads\/2023\/05\/A91A5078-1024x683.jpg?strip=info&#038;w=800&#038;ssl=1 800w\" alt=\"Provence lo\u017enice 1\" data-height=\"533\" data-id=\"654\" data-link=\"https:\/\/wakacyjnyrewal.pl\/a91a5078\/\" data-url=\"https:\/\/wakacyjnyrewal.pl\/wp-content\/uploads\/2023\/05\/A91A5078-1024x683.jpg\" data-width=\"800\" src=\"https:\/\/i1.wp.com\/wakacyjnyrewal.pl\/wp-content\/uploads\/2023\/05\/A91A5078-1024x683.jpg?ssl=1\" data-amp-layout=\"responsive\"><\/a><\/figure><\/div><div class=\"tiled-gallery__col\" style=\"flex-basis:33.33333%\"><figure class=\"tiled-gallery__item\"><a href=\"https:\/\/i0.wp.com\/wakacyjnyrewal.pl\/wp-content\/uploads\/2022\/03\/DSC_8323-1024x683.jpg?ssl=1\"><img decoding=\"async\" srcset=\"https:\/\/i1.wp.com\/wakacyjnyrewal.pl\/wp-content\/uploads\/2022\/03\/DSC_8323-1024x683.jpg?strip=info&#038;w=600&#038;ssl=1 600w,https:\/\/i1.wp.com\/wakacyjnyrewal.pl\/wp-content\/uploads\/2022\/03\/DSC_8323-1024x683.jpg?strip=info&#038;w=800&#038;ssl=1 800w\" alt=\"Provence detail\" data-height=\"533\" data-id=\"102\" data-link=\"https:\/\/wakacyjnyrewal.pl\/dsc_8323\/\" data-url=\"https:\/\/wakacyjnyrewal.pl\/wp-content\/uploads\/2022\/03\/DSC_8323-1024x683.jpg\" data-width=\"800\" src=\"https:\/\/i1.wp.com\/wakacyjnyrewal.pl\/wp-content\/uploads\/2022\/03\/DSC_8323-1024x683.jpg?ssl=1\" data-amp-layout=\"responsive\"><\/a><\/figure><\/div><div class=\"tiled-gallery__col\" style=\"flex-basis:33.33333%\"><figure class=\"tiled-gallery__item\"><a href=\"https:\/\/i0.wp.com\/wakacyjnyrewal.pl\/wp-content\/uploads\/2023\/05\/PS5_2097-1024x683.jpg?ssl=1\"><img decoding=\"async\" srcset=\"https:\/\/i1.wp.com\/wakacyjnyrewal.pl\/wp-content\/uploads\/2023\/05\/PS5_2097-1024x683.jpg?strip=info&#038;w=600&#038;ssl=1 600w,https:\/\/i1.wp.com\/wakacyjnyrewal.pl\/wp-content\/uploads\/2023\/05\/PS5_2097-1024x683.jpg?strip=info&#038;w=800&#038;ssl=1 800w\" alt=\"Provence detail\" data-height=\"533\" data-id=\"672\" data-link=\"https:\/\/wakacyjnyrewal.pl\/ps5_2097\/\" data-url=\"https:\/\/wakacyjnyrewal.pl\/wp-content\/uploads\/2023\/05\/PS5_2097-1024x683.jpg\" data-width=\"800\" src=\"https:\/\/i1.wp.com\/wakacyjnyrewal.pl\/wp-content\/uploads\/2023\/05\/PS5_2097-1024x683.jpg?ssl=1\" data-amp-layout=\"responsive\"><\/a><\/figure><\/div><\/div><div class=\"tiled-gallery__row\"><div class=\"tiled-gallery__col\" style=\"flex-basis:52.84888%\"><figure class=\"tiled-gallery__item\"><a href=\"https:\/\/i0.wp.com\/wakacyjnyrewal.pl\/wp-content\/uploads\/2023\/05\/PS5_1951-Edit-1024x683.jpg?ssl=1\"><img decoding=\"async\" srcset=\"https:\/\/i2.wp.com\/wakacyjnyrewal.pl\/wp-content\/uploads\/2023\/05\/PS5_1951-Edit-1024x683.jpg?strip=info&#038;w=600&#038;ssl=1 600w,https:\/\/i2.wp.com\/wakacyjnyrewal.pl\/wp-content\/uploads\/2023\/05\/PS5_1951-Edit-1024x683.jpg?strip=info&#038;w=800&#038;ssl=1 800w\" alt=\"Provence detail\" data-height=\"533\" data-id=\"663\" data-link=\"https:\/\/wakacyjnyrewal.pl\/ps5_1951-edit\/\" data-url=\"https:\/\/wakacyjnyrewal.pl\/wp-content\/uploads\/2023\/05\/PS5_1951-Edit-1024x683.jpg\" data-width=\"800\" src=\"https:\/\/i2.wp.com\/wakacyjnyrewal.pl\/wp-content\/uploads\/2023\/05\/PS5_1951-Edit-1024x683.jpg?ssl=1\" data-amp-layout=\"responsive\"><\/a><\/figure><figure class=\"tiled-gallery__item\"><a href=\"https:\/\/i0.wp.com\/wakacyjnyrewal.pl\/wp-content\/uploads\/2023\/05\/PS5_2008-Edit-1024x683.jpg?ssl=1\"><img decoding=\"async\" srcset=\"https:\/\/i0.wp.com\/wakacyjnyrewal.pl\/wp-content\/uploads\/2023\/05\/PS5_2008-Edit-1024x683.jpg?strip=info&#038;w=600&#038;ssl=1 600w,https:\/\/i0.wp.com\/wakacyjnyrewal.pl\/wp-content\/uploads\/2023\/05\/PS5_2008-Edit-1024x683.jpg?strip=info&#038;w=800&#038;ssl=1 800w\" alt=\"Provence lo\u017enice 1\" data-height=\"533\" data-id=\"668\" data-link=\"https:\/\/wakacyjnyrewal.pl\/ps5_2008-edit\/\" data-url=\"https:\/\/wakacyjnyrewal.pl\/wp-content\/uploads\/2023\/05\/PS5_2008-Edit-1024x683.jpg\" data-width=\"800\" src=\"https:\/\/i0.wp.com\/wakacyjnyrewal.pl\/wp-content\/uploads\/2023\/05\/PS5_2008-Edit-1024x683.jpg?ssl=1\" data-amp-layout=\"responsive\"><\/a><\/figure><\/div><div class=\"tiled-gallery__col\" style=\"flex-basis:47.15112%\"><figure class=\"tiled-gallery__item\"><a href=\"https:\/\/i0.wp.com\/wakacyjnyrewal.pl\/wp-content\/uploads\/2023\/05\/A91A4988-Edit-683x1024.jpg?ssl=1\"><img decoding=\"async\" srcset=\"https:\/\/i0.wp.com\/wakacyjnyrewal.pl\/wp-content\/uploads\/2023\/05\/A91A4988-Edit-683x1024.jpg?strip=info&#038;w=533&#038;ssl=1 533w\" alt=\"Provence koupelna\" data-height=\"800\" data-id=\"652\" data-link=\"https:\/\/wakacyjnyrewal.pl\/a91a4988-edit\/\" data-url=\"https:\/\/wakacyjnyrewal.pl\/wp-content\/uploads\/2023\/05\/A91A4988-Edit-683x1024.jpg\" data-width=\"533\" src=\"https:\/\/i0.wp.com\/wakacyjnyrewal.pl\/wp-content\/uploads\/2023\/05\/A91A4988-Edit-683x1024.jpg?ssl=1\" data-amp-layout=\"responsive\"><\/a><\/figure><\/div><\/div><div class=\"tiled-gallery__row\"><div class=\"tiled-gallery__col\" style=\"flex-basis:40.00475%\"><figure class=\"tiled-gallery__item\"><a href=\"https:\/\/i0.wp.com\/wakacyjnyrewal.pl\/wp-content\/uploads\/2023\/05\/PS5_2087-683x1024.jpg?ssl=1\"><img decoding=\"async\" srcset=\"https:\/\/i1.wp.com\/wakacyjnyrewal.pl\/wp-content\/uploads\/2023\/05\/PS5_2087-683x1024.jpg?strip=info&#038;w=533&#038;ssl=1 533w\" alt=\"Provence detail\" data-height=\"800\" data-id=\"671\" data-link=\"https:\/\/wakacyjnyrewal.pl\/ps5_2087\/\" data-url=\"https:\/\/wakacyjnyrewal.pl\/wp-content\/uploads\/2023\/05\/PS5_2087-683x1024.jpg\" data-width=\"533\" src=\"https:\/\/i1.wp.com\/wakacyjnyrewal.pl\/wp-content\/uploads\/2023\/05\/PS5_2087-683x1024.jpg?ssl=1\" data-amp-layout=\"responsive\"><\/a><\/figure><\/div><div class=\"tiled-gallery__col\" style=\"flex-basis:59.99525%\"><figure class=\"tiled-gallery__item\"><a href=\"https:\/\/i0.wp.com\/wakacyjnyrewal.pl\/wp-content\/uploads\/2023\/05\/A91A5088-1024x683.jpg?ssl=1\"><img decoding=\"async\" srcset=\"https:\/\/i0.wp.com\/wakacyjnyrewal.pl\/wp-content\/uploads\/2023\/05\/A91A5088-1024x683.jpg?strip=info&#038;w=600&#038;ssl=1 600w,https:\/\/i0.wp.com\/wakacyjnyrewal.pl\/wp-content\/uploads\/2023\/05\/A91A5088-1024x683.jpg?strip=info&#038;w=800&#038;ssl=1 800w\" alt=\"Provence lo\u017enice 1\" data-height=\"533\" data-id=\"655\" data-link=\"https:\/\/wakacyjnyrewal.pl\/a91a5088\/\" data-url=\"https:\/\/wakacyjnyrewal.pl\/wp-content\/uploads\/2023\/05\/A91A5088-1024x683.jpg\" data-width=\"800\" src=\"https:\/\/i0.wp.com\/wakacyjnyrewal.pl\/wp-content\/uploads\/2023\/05\/A91A5088-1024x683.jpg?ssl=1\" data-amp-layout=\"responsive\"><\/a><\/figure><figure class=\"tiled-gallery__item\"><a href=\"https:\/\/i0.wp.com\/wakacyjnyrewal.pl\/wp-content\/uploads\/2023\/05\/PS5_2034-1024x731.jpg?ssl=1\"><img decoding=\"async\" srcset=\"https:\/\/i1.wp.com\/wakacyjnyrewal.pl\/wp-content\/uploads\/2023\/05\/PS5_2034-1024x731.jpg?strip=info&#038;w=600&#038;ssl=1 600w,https:\/\/i1.wp.com\/wakacyjnyrewal.pl\/wp-content\/uploads\/2023\/05\/PS5_2034-1024x731.jpg?strip=info&#038;w=800&#038;ssl=1 800w\" alt=\"Provence detail\" data-height=\"571\" data-id=\"670\" data-link=\"https:\/\/wakacyjnyrewal.pl\/ps5_2034\/\" data-url=\"https:\/\/wakacyjnyrewal.pl\/wp-content\/uploads\/2023\/05\/PS5_2034-1024x731.jpg\" data-width=\"800\" src=\"https:\/\/i1.wp.com\/wakacyjnyrewal.pl\/wp-content\/uploads\/2023\/05\/PS5_2034-1024x731.jpg?ssl=1\" data-amp-layout=\"responsive\"><\/a><\/figure><figure class=\"tiled-gallery__item\"><a href=\"https:\/\/i0.wp.com\/wakacyjnyrewal.pl\/wp-content\/uploads\/2022\/03\/DSC_8319-1024x683.jpg?ssl=1\"><img decoding=\"async\" srcset=\"https:\/\/i2.wp.com\/wakacyjnyrewal.pl\/wp-content\/uploads\/2022\/03\/DSC_8319-1024x683.jpg?strip=info&#038;w=600&#038;ssl=1 600w,https:\/\/i2.wp.com\/wakacyjnyrewal.pl\/wp-content\/uploads\/2022\/03\/DSC_8319-1024x683.jpg?strip=info&#038;w=800&#038;ssl=1 800w\" alt=\"Provence detail\" data-height=\"533\" data-id=\"101\" data-link=\"https:\/\/wakacyjnyrewal.pl\/dsc_8319\/\" data-url=\"https:\/\/wakacyjnyrewal.pl\/wp-content\/uploads\/2022\/03\/DSC_8319-1024x683.jpg\" data-width=\"800\" src=\"https:\/\/i2.wp.com\/wakacyjnyrewal.pl\/wp-content\/uploads\/2022\/03\/DSC_8319-1024x683.jpg?ssl=1\" data-amp-layout=\"responsive\"><\/a><\/figure><\/div><\/div><div class=\"tiled-gallery__row\"><div class=\"tiled-gallery__col\" style=\"flex-basis:38.55928%\"><figure class=\"tiled-gallery__item\"><a href=\"https:\/\/i0.wp.com\/wakacyjnyrewal.pl\/wp-content\/uploads\/2023\/05\/PS5_1953-Edit-1024x683.jpg?ssl=1\"><img decoding=\"async\" srcset=\"https:\/\/i1.wp.com\/wakacyjnyrewal.pl\/wp-content\/uploads\/2023\/05\/PS5_1953-Edit-1024x683.jpg?strip=info&#038;w=600&#038;ssl=1 600w,https:\/\/i1.wp.com\/wakacyjnyrewal.pl\/wp-content\/uploads\/2023\/05\/PS5_1953-Edit-1024x683.jpg?strip=info&#038;w=800&#038;ssl=1 800w\" alt=\"Provence detail\" data-height=\"533\" data-id=\"664\" data-link=\"https:\/\/wakacyjnyrewal.pl\/ps5_1953-edit\/\" data-url=\"https:\/\/wakacyjnyrewal.pl\/wp-content\/uploads\/2023\/05\/PS5_1953-Edit-1024x683.jpg\" data-width=\"800\" src=\"https:\/\/i1.wp.com\/wakacyjnyrewal.pl\/wp-content\/uploads\/2023\/05\/PS5_1953-Edit-1024x683.jpg?ssl=1\" data-amp-layout=\"responsive\"><\/a><\/figure><\/div><div class=\"tiled-gallery__col\" style=\"flex-basis:61.44072%\"><figure class=\"tiled-gallery__item\"><a href=\"https:\/\/i0.wp.com\/wakacyjnyrewal.pl\/wp-content\/uploads\/2023\/05\/A91A4985-Edit-683x1024.jpg?ssl=1\"><img decoding=\"async\" srcset=\"https:\/\/i1.wp.com\/wakacyjnyrewal.pl\/wp-content\/uploads\/2023\/05\/A91A4985-Edit-683x1024.jpg?strip=info&#038;w=533&#038;ssl=1 533w\" alt=\"Provence koupelna\" data-height=\"800\" data-id=\"651\" data-link=\"https:\/\/wakacyjnyrewal.pl\/a91a4985-edit\/\" data-url=\"https:\/\/wakacyjnyrewal.pl\/wp-content\/uploads\/2023\/05\/A91A4985-Edit-683x1024.jpg\" data-width=\"533\" src=\"https:\/\/i1.wp.com\/wakacyjnyrewal.pl\/wp-content\/uploads\/2023\/05\/A91A4985-Edit-683x1024.jpg?ssl=1\" data-amp-layout=\"responsive\"><\/a><\/figure><\/div><div class=\"tiled-gallery__col\"><figure class=\"tiled-gallery__item\"><a href=\"https:\/\/i0.wp.com\/wakacyjnyrewal.pl\/wp-content\/uploads\/2023\/05\/PS5_2006-Edit-1024x683.jpg?ssl=1\"><img decoding=\"async\" srcset=\"https:\/\/i0.wp.com\/wakacyjnyrewal.pl\/wp-content\/uploads\/2023\/05\/PS5_2006-Edit-1024x683.jpg?strip=info&#038;w=600&#038;ssl=1 600w,https:\/\/i0.wp.com\/wakacyjnyrewal.pl\/wp-content\/uploads\/2023\/05\/PS5_2006-Edit-1024x683.jpg?strip=info&#038;w=800&#038;ssl=1 800w\" alt=\"Provence lo\u017enice 2\" data-height=\"533\" data-id=\"667\" data-link=\"https:\/\/wakacyjnyrewal.pl\/ps5_2006-edit\/\" data-url=\"https:\/\/wakacyjnyrewal.pl\/wp-content\/uploads\/2023\/05\/PS5_2006-Edit-1024x683.jpg\" data-width=\"800\" src=\"https:\/\/i0.wp.com\/wakacyjnyrewal.pl\/wp-content\/uploads\/2023\/05\/PS5_2006-Edit-1024x683.jpg?ssl=1\" data-amp-layout=\"responsive\"><\/a><\/figure><\/div><div class=\"tiled-gallery__col\"><figure class=\"tiled-gallery__item\"><a href=\"https:\/\/i0.wp.com\/wakacyjnyrewal.pl\/wp-content\/uploads\/2023\/07\/PS5_2691-Edit-1024x683.jpg?ssl=1\"><img decoding=\"async\" srcset=\"https:\/\/i0.wp.com\/wakacyjnyrewal.pl\/wp-content\/uploads\/2023\/07\/PS5_2691-Edit-1024x683.jpg?strip=info&#038;w=600&#038;ssl=1 600w,https:\/\/i0.wp.com\/wakacyjnyrewal.pl\/wp-content\/uploads\/2023\/07\/PS5_2691-Edit-1024x683.jpg?strip=info&#038;w=800&#038;ssl=1 800w\" alt=\"Rycerska 4\" data-height=\"533\" data-id=\"967\" data-link=\"https:\/\/wakacyjnyrewal.pl\/prowansalski\/ps5_2691-edit\/\" data-url=\"https:\/\/wakacyjnyrewal.pl\/wp-content\/uploads\/2023\/07\/PS5_2691-Edit-1024x683.jpg\" data-width=\"800\" src=\"https:\/\/i0.wp.com\/wakacyjnyrewal.pl\/wp-content\/uploads\/2023\/07\/PS5_2691-Edit-1024x683.jpg?ssl=1\" data-amp-layout=\"responsive\"><\/a><\/figure><\/div><\/div><\/div><\/div>\n\n<div style=\"height:50px\" aria-hidden=\"true\" class=\"wp-block-spacer\"><\/div>\n\n<h2 class=\"wp-block-heading\">Doporu\u010den\u00e1 trasa<\/h2>\n\n<div style=\"height:30px\" aria-hidden=\"true\" class=\"wp-block-spacer\"><\/div>\n\n<figure class=\"wp-block-image size-full is-style-default\"><img decoding=\"async\" loading=\"lazy\" width=\"1150\" height=\"832\" src=\"https:\/\/i0.wp.com\/wakacyjnyrewal.pl\/wp-content\/uploads\/2022\/04\/mapka.jpg?resize=1150%2C832\" alt=\"\" class=\"wp-image-255\" srcset=\"https:\/\/i0.wp.com\/wakacyjnyrewal.pl\/wp-content\/uploads\/2022\/04\/mapka.jpg?w=1150&amp;ssl=1 1150w, https:\/\/i0.wp.com\/wakacyjnyrewal.pl\/wp-content\/uploads\/2022\/04\/mapka.jpg?resize=300%2C217&amp;ssl=1 300w, https:\/\/i0.wp.com\/wakacyjnyrewal.pl\/wp-content\/uploads\/2022\/04\/mapka.jpg?resize=1024%2C741&amp;ssl=1 1024w, https:\/\/i0.wp.com\/wakacyjnyrewal.pl\/wp-content\/uploads\/2022\/04\/mapka.jpg?resize=768%2C556&amp;ssl=1 768w\" sizes=\"(max-width: 1150px) 100vw, 1150px\" data-recalc-dims=\"1\" \/><\/figure>","protected":false},"excerpt":{"rendered":"<p>Provens\u00e1lsk\u00fd apartm\u00e1n Rewal, ul. Rycerska 4 47 m\u00b2 pro max. 5 osob Pono\u0159te se do atmosf\u00e9ry ji\u017en\u00ed Francie, kde v\u016fn\u011b levandule a oliv vytv\u00e1\u0159\u00ed jedine\u010dnou n\u00e1ladu. N\u00e1\u0161 Provens\u00e1lsk\u00fd apartm\u00e1n okouzluje sv\u00fdm rustik\u00e1ln\u00edm p\u016fvabem, pastelov\u00fdmi barvami a dekorativn\u00edmi prvky. Provens\u00e1lsk\u00fd apartm\u00e1n m\u00e1 prostornou, pln\u011b vybavenou kuchy\u0148, kde si m\u016f\u017eete p\u0159ipravit sv\u00e1 obl\u00edben\u00e1 j\u00eddla. Kuchy\u0148 je za\u0159\u00edzena&hellip;<\/p>\n","protected":false},"author":1,"featured_media":0,"parent":0,"menu_order":0,"comment_status":"closed","ping_status":"closed","template":"","meta":[],"_links":{"self":[{"href":"https:\/\/wakacyjnyrewal.pl\/cs\/wp-json\/wp\/v2\/pages\/1350"}],"collection":[{"href":"https:\/\/wakacyjnyrewal.pl\/cs\/wp-json\/wp\/v2\/pages"}],"about":[{"href":"https:\/\/wakacyjnyrewal.pl\/cs\/wp-json\/wp\/v2\/types\/page"}],"author":[{"embeddable":true,"href":"https:\/\/wakacyjnyrewal.pl\/cs\/wp-json\/wp\/v2\/users\/1"}],"replies":[{"embeddable":true,"href":"https:\/\/wakacyjnyrewal.pl\/cs\/wp-json\/wp\/v2\/comments?post=1350"}],"version-history":[{"count":1,"href":"https:\/\/wakacyjnyrewal.pl\/cs\/wp-json\/wp\/v2\/pages\/1350\/revisions"}],"predecessor-version":[{"id":1353,"href":"https:\/\/wakacyjnyrewal.pl\/cs\/wp-json\/wp\/v2\/pages\/1350\/revisions\/1353"}],"wp:attachment":[{"href":"https:\/\/wakacyjnyrewal.pl\/cs\/wp-json\/wp\/v2\/media?parent=1350"}],"curies":[{"name":"wp","href":"https:\/\/api.w.org\/{rel}","templated":true}]}}