{"id":1428,"date":"2023-04-16T20:36:31","date_gmt":"2023-04-16T20:36:31","guid":{"rendered":"https:\/\/wakacyjnyrewal.pl\/cenik\/"},"modified":"2025-10-14T21:06:17","modified_gmt":"2025-10-14T21:06:17","slug":"cenik","status":"publish","type":"page","link":"https:\/\/wakacyjnyrewal.pl\/cs\/cenik\/","title":{"rendered":"Cen\u00edk"},"content":{"rendered":"\n<h1 class=\"wp-block-heading\">Cen\u00edk<\/h1>\n\n<div class=\"wp-block-columns is-layout-flex wp-container-5\">\n<div class=\"wp-block-column is-layout-flow\"><\/div>\n\n\n\n<div class=\"wp-block-column is-layout-flow\">\n<div class=\"wp-block-buttons is-content-justification-center is-layout-flex wp-container-2\">\n<div class=\"wp-block-button\"><a class=\"wp-block-button__link has-background wp-element-button\" href=\"https:\/\/wakacyjnyrewal.pl\/wp-content\/uploads\/cennik2026.pdf\" style=\"background:linear-gradient(135deg,rgb(252,185,0) 0%,rgb(255,105,0) 23%)\" target=\"_blank\" rel=\"noreferrer noopener\">St\u00e1hnout cen\u00edk<\/a><\/div>\n<\/div>\n\n\n\n<p class=\"has-text-align-center has-small-font-size\">N\u00e1\u0161 cen\u00edk ve form\u00e1tu PDF ke sta\u017een\u00ed<\/p>\n<\/div>\n\n\n\n<div class=\"wp-block-column is-layout-flow\"><\/div>\n<\/div>\n\n<div class=\"wp-block-buttons alignfull is-horizontal is-content-justification-space-between is-layout-flex wp-container-6\"><\/div>\n\n<h2 class=\"wp-block-heading has-text-align-center\">Sez\u00f3na 2025\/2026<\/h2>\n\n<p class=\"has-text-align-center\"><strong>Cena za apartm\u00e1n za jednu noc<\/strong><\/p>\n\n<div style=\"height:20px\" aria-hidden=\"true\" class=\"wp-block-spacer\"><\/div>\n\n<figure class=\"wp-block-table aligncenter rwdtable\" style=\"font-size:1.5vw;letter-spacing:-0.07rem\"><table><tbody><tr><td class=\"has-text-align-center\" data-align=\"center\"><strong>Apartm\u00e1n<\/strong><\/td><td class=\"has-text-align-center\" data-align=\"center\"><strong>SEZ\u00d3NA A<\/strong><br\/>10.\u00a09.\u20133.\u00a06.<br\/>14.\u00a09.\u201329.\u00a012.<\/td><td class=\"has-text-align-center\" data-align=\"center\"><strong>SEZ\u00d3NA B<\/strong><br\/>4.\u00a06.\u20132.\u00a07.<br\/>30.\u00a08.\u201313.\u00a09. <\/td><td class=\"has-text-align-center\" data-align=\"center\"><strong>SEZ\u00d3NA C<\/strong><br\/>3.\u00a07.\u201323.\u00a07.<br\/>16.\u201329.\u00a08.<\/td><td class=\"has-text-align-center\" data-align=\"center\"><strong>SEZ\u00d3NA D<\/strong><br\/>23.\u00a07.\u201315.\u00a08.<strong> <\/strong><\/td><\/tr><tr><td class=\"has-text-align-center\" data-align=\"center\"><strong>Provens\u00e1lsk\u00fd<\/strong><br\/>(Rycerska max. 5 osob)<\/td><td class=\"has-text-align-center\" data-align=\"center\"><strong>380<\/strong><\/td><td class=\"has-text-align-center\" data-align=\"center\"><strong>500<\/strong><\/td><td class=\"has-text-align-center\" data-align=\"center\"><strong>750<\/strong><\/td><td class=\"has-text-align-center\" data-align=\"center\"><strong>900<\/strong><\/td><\/tr><tr><td class=\"has-text-align-center\" data-align=\"center\"><strong>Tosk\u00e1nsk\u00fd<\/strong><br\/>(Rycerska max. 3 osoby)<\/td><td class=\"has-text-align-center\" data-align=\"center\"><strong>340<\/strong><\/td><td class=\"has-text-align-center\" data-align=\"center\"><strong>440<\/strong><\/td><td class=\"has-text-align-center\" data-align=\"center\"><strong>480<\/strong><\/td><td class=\"has-text-align-center\" data-align=\"center\"><strong>550<\/strong><\/td><\/tr><tr><td class=\"has-text-align-center\" data-align=\"center\"><strong>Rewalsk\u00fd<\/strong><br\/>(Rycerska, max. 9 osob)<strong> <\/strong><\/td><td class=\"has-text-align-center\" data-align=\"center\"><strong>600<\/strong><\/td><td class=\"has-text-align-center\" data-align=\"center\"><strong>700<\/strong><\/td><td class=\"has-text-align-center\" data-align=\"center\"><strong>900<\/strong><\/td><td class=\"has-text-align-center\" data-align=\"center\"><strong>1400<\/strong><\/td><\/tr><tr><td class=\"has-text-align-center\" data-align=\"center\"><strong>Pomo\u0159ansk\u00fd, Mo\u0159sk\u00fd, Baltsk\u00fd<\/strong><br\/>(Rycerska, max. 3 osoby)<\/td><td class=\"has-text-align-center\" data-align=\"center\"><strong>220\/250<\/strong><\/td><td class=\"has-text-align-center\" data-align=\"center\"><strong>270\/300<\/strong><\/td><td class=\"has-text-align-center\" data-align=\"center\"><strong>350\/380<\/strong><\/td><td class=\"has-text-align-center\" data-align=\"center\"><strong>500\/550<\/strong><\/td><\/tr><tr><td class=\"has-text-align-center\" data-align=\"center\"><strong>Marock\u00fd<\/strong><br\/>(Rycerska, max. 3 osoby)<\/td><td class=\"has-text-align-center\" data-align=\"center\"><strong>270<\/strong><\/td><td class=\"has-text-align-center\" data-align=\"center\"><strong>350<\/strong><\/td><td class=\"has-text-align-center\" data-align=\"center\"><strong>450<\/strong><\/td><td class=\"has-text-align-center\" data-align=\"center\"><strong>550<\/strong><\/td><\/tr><tr><td class=\"has-text-align-center\" data-align=\"center\"><strong>Mexick\u00fd<\/strong><br\/>(Rycerska, max. 3 osoby)<\/td><td class=\"has-text-align-center\" data-align=\"center\"><strong>270<\/strong><\/td><td class=\"has-text-align-center\" data-align=\"center\"><strong>350<\/strong><\/td><td class=\"has-text-align-center\" data-align=\"center\"><strong>450<\/strong><\/td><td class=\"has-text-align-center\" data-align=\"center\"><strong>550<\/strong><\/td><\/tr><tr><td class=\"has-text-align-center\" data-align=\"center\"><strong>Indick\u00fd<\/strong><br\/>(Rycerska, max. 3 osoby)<\/td><td class=\"has-text-align-center\" data-align=\"center\"><strong>270<\/strong><\/td><td class=\"has-text-align-center\" data-align=\"center\"><strong>350<\/strong><\/td><td class=\"has-text-align-center\" data-align=\"center\"><strong>450<\/strong><\/td><td class=\"has-text-align-center\" data-align=\"center\"><strong>550<\/strong><\/td><\/tr><tr><td class=\"has-text-align-center\" data-align=\"center\"><strong>Pr\u00e1zdninov\u00fd<\/strong><br\/>(Mickiewicza max. 3 osoby)<\/td><td class=\"has-text-align-center\" data-align=\"center\"><strong>nedostupn\u00fd<\/strong><\/td><td class=\"has-text-align-center\" data-align=\"center\"><strong>250<\/strong><\/td><td class=\"has-text-align-center\" data-align=\"center\"><strong>350<\/strong><\/td><td class=\"has-text-align-center\" data-align=\"center\"><strong>450<\/strong><\/td><\/tr><\/tbody><\/table><\/figure>\n<div style=\"height:100px\" aria-hidden=\"true\" class=\"wp-block-spacer\"><\/div>\n\n<h2 class=\"wp-block-heading has-text-align-center\">Sv\u00e1tky 2025\/2026<\/h2>\n\n<p class=\"has-text-align-center\"><strong>Cena za apartm\u00e1n za jednu noc<\/strong><\/p>\n\n<div style=\"height:20px\" aria-hidden=\"true\" class=\"wp-block-spacer\"><\/div>\n\n<figure class=\"wp-block-table aligncenter rwdtable\" style=\"font-size:1.5vw;letter-spacing:-0.07em\"><table><tbody><tr><td class=\"has-text-align-center\" data-align=\"center\"><\/td><td class=\"has-text-align-center\" data-align=\"center\"><strong>V\u00e1noce 2025 (23.\u201326.12.)<\/strong><\/td><td class=\"has-text-align-center\" data-align=\"center\"><strong>Silvestr 2025 (30.12.\u20131.1.)<\/strong><\/td><td class=\"has-text-align-center\" data-align=\"center\"><strong>Velikonoce 2026 (3.\u20136.4.)<\/strong><\/td><td class=\"has-text-align-center\" data-align=\"center\"><strong>V\u00e1noce 2026 (23.\u201326.12.)<\/strong><\/td><\/tr><tr><td class=\"has-text-align-center\" data-align=\"center\"><strong>Provens\u00e1lsk\u00fd<\/strong><\/td><td class=\"has-text-align-center\" data-align=\"center\"><strong>700<\/strong><\/td><td class=\"has-text-align-center\" data-align=\"center\"><strong>1000<\/strong><\/td><td class=\"has-text-align-center\" data-align=\"center\"><strong>700<\/strong><\/td><td class=\"has-text-align-center\" data-align=\"center\"><strong>700<\/strong><\/td><\/tr><tr><td class=\"has-text-align-center\" data-align=\"center\"><strong>Tosk\u00e1nsk\u00fd<\/strong><\/td><td class=\"has-text-align-center\" data-align=\"center\"><strong>500<\/strong><\/td><td class=\"has-text-align-center\" data-align=\"center\"><strong>600<\/strong><\/td><td class=\"has-text-align-center\" data-align=\"center\"><strong>500<\/strong><\/td><td class=\"has-text-align-center\" data-align=\"center\"><strong>500<\/strong><\/td><\/tr><tr><td class=\"has-text-align-center\" data-align=\"center\"><strong>Rewalsk\u00fd<\/strong><\/td><td class=\"has-text-align-center\" data-align=\"center\"><strong>1000<\/strong><\/td><td class=\"has-text-align-center\" data-align=\"center\"><strong>1400<\/strong><\/td><td class=\"has-text-align-center\" data-align=\"center\"><strong>1000<\/strong><\/td><td class=\"has-text-align-center\" data-align=\"center\"><strong>1000<\/strong><\/td><\/tr><tr><td class=\"has-text-align-center\" data-align=\"center\"><strong>Pomo\u0159ansk\u00fd, Mo\u0159sk\u00fd, Baltsk\u00fd<\/strong><\/td><td class=\"has-text-align-center\" data-align=\"center\"><strong>370\/400<\/strong><\/td><td class=\"has-text-align-center\" data-align=\"center\"><strong>500\/530<\/strong><\/td><td class=\"has-text-align-center\" data-align=\"center\"><strong>370\/400<\/strong><\/td><td class=\"has-text-align-center\" data-align=\"center\"><strong>370<\/strong>\/<strong>400<\/strong><\/td><\/tr><tr><td class=\"has-text-align-center\" data-align=\"center\"><strong>Marock\u00fd<\/strong><\/td><td class=\"has-text-align-center\" data-align=\"center\"><strong>500<\/strong><\/td><td class=\"has-text-align-center\" data-align=\"center\"><strong>600<\/strong><\/td><td class=\"has-text-align-center\" data-align=\"center\"><strong>500<\/strong><\/td><td class=\"has-text-align-center\" data-align=\"center\"><strong>500<\/strong><\/td><\/tr><tr><td class=\"has-text-align-center\" data-align=\"center\"><strong>Mexick\u00fd<\/strong><\/td><td class=\"has-text-align-center\" data-align=\"center\"><strong>500<\/strong><\/td><td class=\"has-text-align-center\" data-align=\"center\"><strong>600<\/strong><\/td><td class=\"has-text-align-center\" data-align=\"center\"><strong>500<\/strong><\/td><td class=\"has-text-align-center\" data-align=\"center\"><strong>500<\/strong><\/td><\/tr><tr><td class=\"has-text-align-center\" data-align=\"center\"><strong>Indick\u00fd<\/strong><\/td><td class=\"has-text-align-center\" data-align=\"center\"><strong>500<\/strong><\/td><td class=\"has-text-align-center\" data-align=\"center\"><strong>600<\/strong><\/td><td class=\"has-text-align-center\" data-align=\"center\"><strong>500<\/strong><\/td><td class=\"has-text-align-center\" data-align=\"center\"><strong>500<\/strong><\/td><\/tr><tr><td class=\"has-text-align-center\" data-align=\"center\"><strong>Pr\u00e1zdninov\u00fd<\/strong><\/td><td class=\"has-text-align-center\" data-align=\"center\"><strong>nedostupn\u00fd<\/strong><\/td><td class=\"has-text-align-center\" data-align=\"center\"><strong>nedostupn\u00fd<\/strong><\/td><td class=\"has-text-align-center\" data-align=\"center\"><strong>nedostupn\u00fd<\/strong><\/td><td class=\"has-text-align-center\" data-align=\"center\"><strong>nedostupn\u00fd<\/strong><\/td><\/tr><\/tbody><\/table><\/figure>\n<div style=\"height:50px\" aria-hidden=\"true\" class=\"wp-block-spacer\"><\/div>\n\n<p><strong>Ceny v PLN, v\u010detn\u011b DPH<\/strong><\/p>\n\n<p><\/p>\n\n<p><\/p>\n\n<p><\/p>\n\n<p><strong>Hotelov\u00fd den trv\u00e1 od 16:00 v den p\u0159\u00edjezdu do 12:00 v den odjezdu<\/strong><\/p>\n\n<p><\/p>\n\n<p><strong>DODATE\u010cN\u00c9 POPLATKY:<\/strong><\/p>\n\n<p><strong>M\u00edstn\u00ed poplatek &#8211; 3z\u0142\/noc\/osoba<\/strong><\/p>\n\n<div style=\"height:40px\" aria-hidden=\"true\" class=\"wp-block-spacer\"><\/div>\n\n<p><\/p>\n","protected":false},"excerpt":{"rendered":"<p>Cen\u00edk N\u00e1\u0161 cen\u00edk ve form\u00e1tu PDF ke sta\u017een\u00ed Sez\u00f3na 2025\/2026 Cena za apartm\u00e1n za jednu noc Apartm\u00e1n SEZ\u00d3NA A10.\u00a09.\u20133.\u00a06.14.\u00a09.\u201329.\u00a012. SEZ\u00d3NA B4.\u00a06.\u20132.\u00a07.30.\u00a08.\u201313.\u00a09. SEZ\u00d3NA C3.\u00a07.\u201323.\u00a07.16.\u201329.\u00a08. SEZ\u00d3NA D23.\u00a07.\u201315.\u00a08. Provens\u00e1lsk\u00fd(Rycerska max. 5 osob) 380 500 750 900 Tosk\u00e1nsk\u00fd(Rycerska max. 3 osoby) 340 440 480 550 Rewalsk\u00fd(Rycerska, max. 9 osob) 600 700 900 1400 Pomo\u0159ansk\u00fd, Mo\u0159sk\u00fd, Baltsk\u00fd(Rycerska, max. 3 osoby)&hellip;<\/p>\n","protected":false},"author":1,"featured_media":0,"parent":0,"menu_order":0,"comment_status":"closed","ping_status":"closed","template":"","meta":[],"_links":{"self":[{"href":"https:\/\/wakacyjnyrewal.pl\/cs\/wp-json\/wp\/v2\/pages\/1428"}],"collection":[{"href":"https:\/\/wakacyjnyrewal.pl\/cs\/wp-json\/wp\/v2\/pages"}],"about":[{"href":"https:\/\/wakacyjnyrewal.pl\/cs\/wp-json\/wp\/v2\/types\/page"}],"author":[{"embeddable":true,"href":"https:\/\/wakacyjnyrewal.pl\/cs\/wp-json\/wp\/v2\/users\/1"}],"replies":[{"embeddable":true,"href":"https:\/\/wakacyjnyrewal.pl\/cs\/wp-json\/wp\/v2\/comments?post=1428"}],"version-history":[{"count":1,"href":"https:\/\/wakacyjnyrewal.pl\/cs\/wp-json\/wp\/v2\/pages\/1428\/revisions"}],"predecessor-version":[{"id":1429,"href":"https:\/\/wakacyjnyrewal.pl\/cs\/wp-json\/wp\/v2\/pages\/1428\/revisions\/1429"}],"wp:attachment":[{"href":"https:\/\/wakacyjnyrewal.pl\/cs\/wp-json\/wp\/v2\/media?parent=1428"}],"curies":[{"name":"wp","href":"https:\/\/api.w.org\/{rel}","templated":true}]}}