{"id":1396,"date":"2022-04-03T13:09:32","date_gmt":"2022-04-03T13:09:32","guid":{"rendered":"https:\/\/wakacyjnyrewal.pl\/kontakt\/"},"modified":"2025-10-14T22:12:32","modified_gmt":"2025-10-14T22:12:32","slug":"kontakt","status":"publish","type":"page","link":"https:\/\/wakacyjnyrewal.pl\/da\/kontakt\/","title":{"rendered":"Kontakte"},"content":{"rendered":"\n<h1 class=\"wp-block-heading\">Kontaktoplysninger<\/h1>\n\n<div style=\"height:50px\" aria-hidden=\"true\" class=\"wp-block-spacer\"><\/div>\n\n<p><strong>Feriecenter &#8220;Pla\u017ca&#8221;<\/strong><br\/>ul. Saperska 12<br\/>72-344 Rewal <\/p>\n\n<p><strong>Reception<\/strong><br\/>tlf. +48 91 38 62 922<br\/>mobil   +48 693 907 957<br\/><br\/>e-mail: <a href=\"mailto:biuro@plaza-rewal.pl\">biuro@plaza-rewal.pl<\/a><br\/>e-mail: <a href=\"mailto:biuro@strandhotel.pl\">biuro@strandhotel.pl<\/a><\/p>\n\n<p><strong>Reservation<\/strong> (e-mail, telefon) bekr\u00e6ftes efter modtagelse af et ikke-refunderbart depositum p\u00e5 30% af ordren. Den resterende betaling for opholdet skal betales kontant ved ankomst eller via bankoverf\u00f8rsel f\u00f8r ankomst. <\/p>\n\n<div style=\"height:40px\" aria-hidden=\"true\" class=\"wp-block-spacer\"><\/div>\n\n<div class=\"wp-block-columns is-layout-flex wp-container-3\">\n<div class=\"wp-block-column is-layout-flow\">\n<h3 class=\"wp-block-heading\">Bankoverf\u00f8rsler fra Polen:<\/h3>\n\n\n\n<p>Dom Wczasowy &#8220;Pla\u017ca&#8221;, ul. Saperska 12, 72-344 Rewal<br\/>Bank Sp\u00f3\u0142dzielczy Gryfice O\/Rewal <br\/><strong>Kontonr. 84 9376 0001 2002 0012 2278 0001<\/strong><\/p>\n<\/div>\n\n\n\n<div class=\"wp-block-column is-layout-flow\">\n<h3 class=\"wp-block-heading\">Internationale bankoverf\u00f8rsler:<\/h3>\n\n\n\n<p>Dom Wczasowy &#8220;Pla\u017ca&#8221;, ul. Saperska 12, 72-344 Rewal<br\/>Bank Sp\u00f3\u0142dzielczy Gryfice O\/Rewal <br\/><strong>IBAN: PL \u2013 57 9376 0001 2002 0012 2278 0002<\/strong><br\/><strong>Swift: GBW CPLPP<\/strong><\/p>\n<\/div>\n<\/div>\n\n<p><strong>Reference:<\/strong> lejlighedsreservation, dato, efternavn.<\/p>\n\n<div style=\"height:50px\" aria-hidden=\"true\" class=\"wp-block-spacer\"><\/div>\n\n<h3 class=\"wp-block-heading\">Beliggenhed <\/h3>\n\n<div style=\"height:30px\" aria-hidden=\"true\" class=\"wp-block-spacer\"><\/div>\n\n<iframe src=\"https:\/\/www.google.com\/maps\/embed?pb=!1m18!1m12!1m3!1d1655.0299609108065!2d15.009902530226524!3d54.08144964975045!2m3!1f0!2f0!3f0!3m2!1i1024!2i768!4f13.1!3m3!1m2!1s0x4700762408b1bb6b%3A0x49741f20f25569ba!2sRycerska%204%2C%2072-344%20Rewal!5e0!3m2!1spl!2spl!4v1649442295365!5m2!1spl!2spl\" width=\"100%\" height=\"500\" style=\"border:0;\" allowfullscreen=\"\" loading=\"lazy\" referrerpolicy=\"no-referrer-when-downgrade\"><\/iframe>\n\n<div style=\"height:30px\" aria-hidden=\"true\" class=\"wp-block-spacer\"><\/div>\n\n<h3 class=\"wp-block-heading\">Anbefalet ankomst<\/h3>\n\n<div style=\"height:30px\" aria-hidden=\"true\" class=\"wp-block-spacer\"><\/div>\n\n<figure class=\"wp-block-image size-full is-style-default\"><a href=\"https:\/\/i0.wp.com\/wakacyjnyrewal.pl\/wp-content\/uploads\/2022\/04\/mapka.jpg\"><img decoding=\"async\" loading=\"lazy\" width=\"1150\" height=\"832\" src=\"https:\/\/i0.wp.com\/wakacyjnyrewal.pl\/wp-content\/uploads\/2022\/04\/mapka.jpg?resize=1150%2C832\" alt=\"\" class=\"wp-image-255\" srcset=\"https:\/\/i0.wp.com\/wakacyjnyrewal.pl\/wp-content\/uploads\/2022\/04\/mapka.jpg?w=1150&amp;ssl=1 1150w, https:\/\/i0.wp.com\/wakacyjnyrewal.pl\/wp-content\/uploads\/2022\/04\/mapka.jpg?resize=300%2C217&amp;ssl=1 300w, https:\/\/i0.wp.com\/wakacyjnyrewal.pl\/wp-content\/uploads\/2022\/04\/mapka.jpg?resize=1024%2C741&amp;ssl=1 1024w, https:\/\/i0.wp.com\/wakacyjnyrewal.pl\/wp-content\/uploads\/2022\/04\/mapka.jpg?resize=768%2C556&amp;ssl=1 768w\" sizes=\"(max-width: 1150px) 100vw, 1150px\" data-recalc-dims=\"1\" \/><\/a><\/figure>\n<div style=\"height:30px\" aria-hidden=\"true\" class=\"wp-block-spacer\"><\/div>\n\n<h3 class=\"wp-block-heading\">DATABESKYTTELSESERKL\u00c6RING<\/h3>\n\n<p>I henhold til artikel 13 i den generelle forordning om databeskyttelse af 27. april 2016 (EU-Tidende L 119 af 04.05.2016) informerer vi om f\u00f8lgende:<br\/>1) Den dataansvarlige for dine personoplysninger er F.U.H. &#8220;Pla\u017ca&#8221;<br\/>2) Kontakt til databeskyttelsesr\u00e5dgiveren \u2013 poczta@plaza-rewal.pl<br\/>3) Dine personoplysninger vil blive behandlet med det form\u00e5l at levere hotelydelser \u2013 i henhold til artikel 6, stk. 1, litra b i den generelle forordning om databeskyttelse af 27. april 2016<br\/>4) Modtagerne af dine personoplysninger vil udelukkende v\u00e6re enheder, der har ret til at indhente personoplysninger i henhold til loven, samt enheder, der deltager i leveringen af tjenester<br\/>5) Dine personoplysninger vil blive opbevaret i en periode p\u00e5 10 \u00e5r<br\/>6) Du har ret til at anmode den dataansvarlige om indsigt i dine personoplysninger, ret til berigtigelse, sletning eller begr\u00e6nsning af behandlingen samt ret til dataportabilitet<br\/>7) Du har ret til at indgive en klage til tilsynsmyndigheden<br\/>8) Afgivelse af personoplysninger er frivillig, men manglende afgivelse kan resultere i afvisning af levering af tjenesten\/kontrakten    <\/p>\n","protected":false},"excerpt":{"rendered":"<p>Kontaktoplysninger Feriecenter &#8220;Pla\u017ca&#8221;ul. Saperska 1272-344 Rewal Receptiontlf. +48 91 38 62 922mobil +48 693 907 957 e-mail: biuro@plaza-rewal.ple-mail: biuro@strandhotel.pl Reservation (e-mail, telefon) bekr\u00e6ftes efter modtagelse af et ikke-refunderbart depositum p\u00e5 30% af ordren. Den resterende betaling for opholdet skal betales kontant ved ankomst eller via bankoverf\u00f8rsel f\u00f8r ankomst. Bankoverf\u00f8rsler fra Polen: Dom Wczasowy &#8220;Pla\u017ca&#8221;, ul.&hellip;<\/p>\n","protected":false},"author":1,"featured_media":0,"parent":0,"menu_order":0,"comment_status":"closed","ping_status":"closed","template":"","meta":[],"_links":{"self":[{"href":"https:\/\/wakacyjnyrewal.pl\/da\/wp-json\/wp\/v2\/pages\/1396"}],"collection":[{"href":"https:\/\/wakacyjnyrewal.pl\/da\/wp-json\/wp\/v2\/pages"}],"about":[{"href":"https:\/\/wakacyjnyrewal.pl\/da\/wp-json\/wp\/v2\/types\/page"}],"author":[{"embeddable":true,"href":"https:\/\/wakacyjnyrewal.pl\/da\/wp-json\/wp\/v2\/users\/1"}],"replies":[{"embeddable":true,"href":"https:\/\/wakacyjnyrewal.pl\/da\/wp-json\/wp\/v2\/comments?post=1396"}],"version-history":[{"count":3,"href":"https:\/\/wakacyjnyrewal.pl\/da\/wp-json\/wp\/v2\/pages\/1396\/revisions"}],"predecessor-version":[{"id":1706,"href":"https:\/\/wakacyjnyrewal.pl\/da\/wp-json\/wp\/v2\/pages\/1396\/revisions\/1706"}],"wp:attachment":[{"href":"https:\/\/wakacyjnyrewal.pl\/da\/wp-json\/wp\/v2\/media?parent=1396"}],"curies":[{"name":"wp","href":"https:\/\/api.w.org\/{rel}","templated":true}]}}