{"id":1426,"date":"2023-04-16T20:36:31","date_gmt":"2023-04-16T20:36:31","guid":{"rendered":"https:\/\/wakacyjnyrewal.pl\/prisliste\/"},"modified":"2025-10-14T21:05:05","modified_gmt":"2025-10-14T21:05:05","slug":"prisliste","status":"publish","type":"page","link":"https:\/\/wakacyjnyrewal.pl\/da\/prisliste\/","title":{"rendered":"Prisliste"},"content":{"rendered":"\n<h1 class=\"wp-block-heading\">Prisliste<\/h1>\n\n<div class=\"wp-block-columns is-layout-flex wp-container-5\">\n<div class=\"wp-block-column is-layout-flow\"><\/div>\n\n\n\n<div class=\"wp-block-column is-layout-flow\">\n<div class=\"wp-block-buttons is-content-justification-center is-layout-flex wp-container-2\">\n<div class=\"wp-block-button\"><a class=\"wp-block-button__link has-background wp-element-button\" href=\"https:\/\/wakacyjnyrewal.pl\/wp-content\/uploads\/cennik2026.pdf\" style=\"background:linear-gradient(135deg,rgb(252,185,0) 0%,rgb(255,105,0) 23%)\" target=\"_blank\" rel=\"noreferrer noopener\">Download prisliste<\/a><\/div>\n<\/div>\n\n\n\n<p class=\"has-text-align-center has-small-font-size\">Vores prisliste i PDF-format til download<\/p>\n<\/div>\n\n\n\n<div class=\"wp-block-column is-layout-flow\"><\/div>\n<\/div>\n\n<div class=\"wp-block-buttons alignfull is-horizontal is-content-justification-space-between is-layout-flex wp-container-6\"><\/div>\n\n<h2 class=\"wp-block-heading has-text-align-center\">S\u00e6son 2025\/2026<\/h2>\n\n<p class=\"has-text-align-center\"><strong>Pris pr. lejlighed pr. nat<\/strong><\/p>\n\n<div style=\"height:20px\" aria-hidden=\"true\" class=\"wp-block-spacer\"><\/div>\n\n<figure class=\"wp-block-table aligncenter rwdtable\" style=\"font-size:1.5vw;letter-spacing:-0.07rem\"><table><tbody><tr><td class=\"has-text-align-center\" data-align=\"center\"><strong>Lejlighed<\/strong><\/td><td class=\"has-text-align-center\" data-align=\"center\"><strong>S\u00c6SON A <\/strong><br\/>10.09.-3.06<br\/>14.09-29.12<\/td><td class=\"has-text-align-center\" data-align=\"center\"><strong>S\u00c6SON B<\/strong><br\/>4.06-2.07<br\/>30.08-13.09  <\/td><td class=\"has-text-align-center\" data-align=\"center\"><strong>S\u00c6SON C<\/strong><br\/>3.07-23.07<br\/>16-29.08<\/td><td class=\"has-text-align-center\" data-align=\"center\"><strong>S\u00c6SON D <\/strong><br\/>23.07-15.08<strong> <\/strong><\/td><\/tr><tr><td class=\"has-text-align-center\" data-align=\"center\"><strong>Provencalsk<\/strong><br\/>(Rycerska maks. 5 personer)<\/td><td class=\"has-text-align-center\" data-align=\"center\"><strong>380<\/strong><\/td><td class=\"has-text-align-center\" data-align=\"center\"><strong>500<\/strong><\/td><td class=\"has-text-align-center\" data-align=\"center\"><strong>750<\/strong><\/td><td class=\"has-text-align-center\" data-align=\"center\"><strong>900<\/strong><\/td><\/tr><tr><td class=\"has-text-align-center\" data-align=\"center\"><strong>Toscansk<\/strong><br\/>(Rycerska maks. 3 personer)<\/td><td class=\"has-text-align-center\" data-align=\"center\"><strong>340<\/strong><\/td><td class=\"has-text-align-center\" data-align=\"center\"><strong>440<\/strong><\/td><td class=\"has-text-align-center\" data-align=\"center\"><strong>480<\/strong><\/td><td class=\"has-text-align-center\" data-align=\"center\"><strong>550<\/strong><\/td><\/tr><tr><td class=\"has-text-align-center\" data-align=\"center\"><strong>Rewalsk<\/strong><br\/>(Rycerska, maks. 9 personer)<strong> <\/strong><\/td><td class=\"has-text-align-center\" data-align=\"center\"><strong>600<\/strong><\/td><td class=\"has-text-align-center\" data-align=\"center\"><strong>700<\/strong><\/td><td class=\"has-text-align-center\" data-align=\"center\"><strong>900<\/strong><\/td><td class=\"has-text-align-center\" data-align=\"center\"><strong>1400<\/strong><\/td><\/tr><tr><td class=\"has-text-align-center\" data-align=\"center\"><strong>Pommersk, Maritim, Baltisk <\/strong><br\/>(Rycerska, maks. 3 personer)<\/td><td class=\"has-text-align-center\" data-align=\"center\"><strong>220\/250<\/strong><\/td><td class=\"has-text-align-center\" data-align=\"center\"><strong>270\/300<\/strong><\/td><td class=\"has-text-align-center\" data-align=\"center\"><strong>350\/380<\/strong><\/td><td class=\"has-text-align-center\" data-align=\"center\"><strong>500\/550<\/strong><\/td><\/tr><tr><td class=\"has-text-align-center\" data-align=\"center\"><strong>Marokkansk <\/strong><br\/>(Rycerska, maks. 3 personer)<\/td><td class=\"has-text-align-center\" data-align=\"center\"><strong>270<\/strong><\/td><td class=\"has-text-align-center\" data-align=\"center\"><strong>350<\/strong><\/td><td class=\"has-text-align-center\" data-align=\"center\"><strong>450<\/strong><\/td><td class=\"has-text-align-center\" data-align=\"center\"><strong>550<\/strong><\/td><\/tr><tr><td class=\"has-text-align-center\" data-align=\"center\"><strong>Mexicansk <\/strong><br\/>(Rycerska, maks. 3 personer)<\/td><td class=\"has-text-align-center\" data-align=\"center\"><strong>270<\/strong><\/td><td class=\"has-text-align-center\" data-align=\"center\"><strong>350<\/strong><\/td><td class=\"has-text-align-center\" data-align=\"center\"><strong>450<\/strong><\/td><td class=\"has-text-align-center\" data-align=\"center\"><strong>550<\/strong><\/td><\/tr><tr><td class=\"has-text-align-center\" data-align=\"center\"><strong>Indisk <\/strong><br\/>(Rycerska, maks. 3 personer)<\/td><td class=\"has-text-align-center\" data-align=\"center\"><strong>270<\/strong><\/td><td class=\"has-text-align-center\" data-align=\"center\"><strong>350<\/strong><\/td><td class=\"has-text-align-center\" data-align=\"center\"><strong>450<\/strong><\/td><td class=\"has-text-align-center\" data-align=\"center\"><strong>550<\/strong><\/td><\/tr><tr><td class=\"has-text-align-center\" data-align=\"center\"><strong>Ferie <\/strong><br\/>(Mickiewicza maks. 3 personer)<\/td><td class=\"has-text-align-center\" data-align=\"center\"><strong>ikke tilg\u00e6ngelig<\/strong><\/td><td class=\"has-text-align-center\" data-align=\"center\"><strong>250<\/strong><\/td><td class=\"has-text-align-center\" data-align=\"center\"><strong>350<\/strong><\/td><td class=\"has-text-align-center\" data-align=\"center\"><strong>450<\/strong><\/td><\/tr><\/tbody><\/table><\/figure>\n<div style=\"height:100px\" aria-hidden=\"true\" class=\"wp-block-spacer\"><\/div>\n\n<h2 class=\"wp-block-heading has-text-align-center\">Helligdage 2025\/2026<\/h2>\n\n<p class=\"has-text-align-center\"><strong>Pris pr. lejlighed pr. nat<\/strong><\/p>\n\n<div style=\"height:20px\" aria-hidden=\"true\" class=\"wp-block-spacer\"><\/div>\n\n<figure class=\"wp-block-table aligncenter rwdtable\" style=\"font-size:1.5vw;letter-spacing:-0.07em\"><table><tbody><tr><td class=\"has-text-align-center\" data-align=\"center\"><\/td><td class=\"has-text-align-center\" data-align=\"center\"><strong>Jul 2025 (23-26.12)<\/strong><\/td><td class=\"has-text-align-center\" data-align=\"center\"><strong>Nyt\u00e5r 2025 (30.12-01.01)<\/strong><\/td><td class=\"has-text-align-center\" data-align=\"center\"><strong>P\u00e5ske 2026 (3-6.04)<\/strong><\/td><td class=\"has-text-align-center\" data-align=\"center\"><strong>Jul 2026 (23-26.12)<\/strong><\/td><\/tr><tr><td class=\"has-text-align-center\" data-align=\"center\"><strong>Provencalsk<\/strong><\/td><td class=\"has-text-align-center\" data-align=\"center\"><strong>700<\/strong><\/td><td class=\"has-text-align-center\" data-align=\"center\"><strong>1000<\/strong><\/td><td class=\"has-text-align-center\" data-align=\"center\"><strong>700<\/strong><\/td><td class=\"has-text-align-center\" data-align=\"center\"><strong>700<\/strong><\/td><\/tr><tr><td class=\"has-text-align-center\" data-align=\"center\"><strong>Toscansk<\/strong><\/td><td class=\"has-text-align-center\" data-align=\"center\"><strong>500<\/strong><\/td><td class=\"has-text-align-center\" data-align=\"center\"><strong>600<\/strong><\/td><td class=\"has-text-align-center\" data-align=\"center\"><strong>500<\/strong><\/td><td class=\"has-text-align-center\" data-align=\"center\"><strong>500<\/strong><\/td><\/tr><tr><td class=\"has-text-align-center\" data-align=\"center\"><strong>Rewalsk<\/strong><\/td><td class=\"has-text-align-center\" data-align=\"center\"><strong>1000<\/strong><\/td><td class=\"has-text-align-center\" data-align=\"center\"><strong>1400<\/strong><\/td><td class=\"has-text-align-center\" data-align=\"center\"><strong>1000<\/strong><\/td><td class=\"has-text-align-center\" data-align=\"center\"><strong>1000<\/strong><\/td><\/tr><tr><td class=\"has-text-align-center\" data-align=\"center\"><strong>Pommersk, Maritim, Baltisk<\/strong><\/td><td class=\"has-text-align-center\" data-align=\"center\"><strong>370\/400<\/strong><\/td><td class=\"has-text-align-center\" data-align=\"center\"><strong>500\/530<\/strong><\/td><td class=\"has-text-align-center\" data-align=\"center\"><strong>370\/400<\/strong><\/td><td class=\"has-text-align-center\" data-align=\"center\"><strong>370<\/strong>\/<strong>400<\/strong><\/td><\/tr><tr><td class=\"has-text-align-center\" data-align=\"center\"><strong>Marokkansk<\/strong><\/td><td class=\"has-text-align-center\" data-align=\"center\"><strong>500<\/strong><\/td><td class=\"has-text-align-center\" data-align=\"center\"><strong>600<\/strong><\/td><td class=\"has-text-align-center\" data-align=\"center\"><strong>500<\/strong><\/td><td class=\"has-text-align-center\" data-align=\"center\"><strong>500<\/strong><\/td><\/tr><tr><td class=\"has-text-align-center\" data-align=\"center\"><strong>Mexicansk<\/strong><\/td><td class=\"has-text-align-center\" data-align=\"center\"><strong>500<\/strong><\/td><td class=\"has-text-align-center\" data-align=\"center\"><strong>600<\/strong><\/td><td class=\"has-text-align-center\" data-align=\"center\"><strong>500<\/strong><\/td><td class=\"has-text-align-center\" data-align=\"center\"><strong>500<\/strong><\/td><\/tr><tr><td class=\"has-text-align-center\" data-align=\"center\"><strong>Indisk<\/strong><\/td><td class=\"has-text-align-center\" data-align=\"center\"><strong>500<\/strong><\/td><td class=\"has-text-align-center\" data-align=\"center\"><strong>600<\/strong><\/td><td class=\"has-text-align-center\" data-align=\"center\"><strong>500<\/strong><\/td><td class=\"has-text-align-center\" data-align=\"center\"><strong>500<\/strong><\/td><\/tr><tr><td class=\"has-text-align-center\" data-align=\"center\"><strong>Ferie<\/strong><\/td><td class=\"has-text-align-center\" data-align=\"center\"><strong>ikke tilg\u00e6ngelig<\/strong><\/td><td class=\"has-text-align-center\" data-align=\"center\"><strong>ikke tilg\u00e6ngelig<\/strong><\/td><td class=\"has-text-align-center\" data-align=\"center\"><strong>ikke tilg\u00e6ngelig<\/strong><\/td><td class=\"has-text-align-center\" data-align=\"center\"><strong>ikke tilg\u00e6ngelig<\/strong><\/td><\/tr><\/tbody><\/table><\/figure>\n<div style=\"height:50px\" aria-hidden=\"true\" class=\"wp-block-spacer\"><\/div>\n\n<p><strong>Priser i PLN, inkl. moms<\/strong><\/p>\n\n<p><\/p>\n\n<p><\/p>\n\n<p><\/p>\n\n<p><strong>Hotelovernatning varer fra kl. 16.00 p\u00e5 ankomstdagen til kl. 12.00 p\u00e5 afrejsedagen<\/strong><\/p>\n\n<p><\/p>\n\n<p><strong>EKSTRA GEBYRER:<\/strong><\/p>\n\n<p><strong>Lokal skat &#8211; 3 z\u0142\/nat\/person<\/strong><\/p>\n\n<div style=\"height:40px\" aria-hidden=\"true\" class=\"wp-block-spacer\"><\/div>\n\n<p><\/p>\n","protected":false},"excerpt":{"rendered":"<p>Prisliste Vores prisliste i PDF-format til download S\u00e6son 2025\/2026 Pris pr. lejlighed pr. nat Lejlighed S\u00c6SON A 10.09.-3.0614.09-29.12 S\u00c6SON B4.06-2.0730.08-13.09 S\u00c6SON C3.07-23.0716-29.08 S\u00c6SON D 23.07-15.08 Provencalsk(Rycerska maks. 5 personer) 380 500 750 900 Toscansk(Rycerska maks. 3 personer) 340 440 480 550 Rewalsk(Rycerska, maks. 9 personer) 600 700 900 1400 Pommersk, Maritim, Baltisk (Rycerska, maks. 3&hellip;<\/p>\n","protected":false},"author":1,"featured_media":0,"parent":0,"menu_order":0,"comment_status":"closed","ping_status":"closed","template":"","meta":[],"_links":{"self":[{"href":"https:\/\/wakacyjnyrewal.pl\/da\/wp-json\/wp\/v2\/pages\/1426"}],"collection":[{"href":"https:\/\/wakacyjnyrewal.pl\/da\/wp-json\/wp\/v2\/pages"}],"about":[{"href":"https:\/\/wakacyjnyrewal.pl\/da\/wp-json\/wp\/v2\/types\/page"}],"author":[{"embeddable":true,"href":"https:\/\/wakacyjnyrewal.pl\/da\/wp-json\/wp\/v2\/users\/1"}],"replies":[{"embeddable":true,"href":"https:\/\/wakacyjnyrewal.pl\/da\/wp-json\/wp\/v2\/comments?post=1426"}],"version-history":[{"count":1,"href":"https:\/\/wakacyjnyrewal.pl\/da\/wp-json\/wp\/v2\/pages\/1426\/revisions"}],"predecessor-version":[{"id":1427,"href":"https:\/\/wakacyjnyrewal.pl\/da\/wp-json\/wp\/v2\/pages\/1426\/revisions\/1427"}],"wp:attachment":[{"href":"https:\/\/wakacyjnyrewal.pl\/da\/wp-json\/wp\/v2\/media?parent=1426"}],"curies":[{"name":"wp","href":"https:\/\/api.w.org\/{rel}","templated":true}]}}