{"id":1398,"date":"2022-06-23T19:00:46","date_gmt":"2022-06-23T19:00:46","guid":{"rendered":"https:\/\/wakacyjnyrewal.pl\/toskana\/"},"modified":"2025-10-14T20:59:21","modified_gmt":"2025-10-14T20:59:21","slug":"toskana","status":"publish","type":"page","link":"https:\/\/wakacyjnyrewal.pl\/de\/toskana\/","title":{"rendered":"Toskana"},"content":{"rendered":"\n<h1 class=\"wp-block-heading\">Toskana-Apartment<\/h1>\n\n<div style=\"height:40px\" aria-hidden=\"true\" class=\"wp-block-spacer\"><\/div>\n\n<h2 class=\"wp-block-heading\">Rewal, Rycerska 4 <\/h2>\n\n<p><strong>31,50 m\u00b2 f\u00fcr max. 3 Personen  <\/strong><\/p>\n\n<div class=\"wp-block-columns is-layout-flex wp-container-3\">\n<div class=\"wp-block-column is-layout-flow\" style=\"flex-basis:66.66%\">\n<p>Genie\u00dfe einen Moment der Ruhe und Harmonie im italienischen Stil. Das Toskana-Apartment besticht durch seine elegante Einrichtung, warme Farben und eine romantische Atmosph\u00e4re.  <\/p>\n\n\n\n<p>Das Toskana-Apartment verf\u00fcgt \u00fcber eine voll ausgestattete K\u00fcche, in der du deine Lieblingsmahlzeiten zubereiten kannst. Die K\u00fcche ist modern eingerichtet und bietet alle notwendigen Annehmlichkeiten wie K\u00fchlschrank, Herd, Geschirrsp\u00fcler, Toaster, Mikrowelle sowie Geschirr und Besteck und einen Tisch. Das Zubereiten von Speisen wird zu einer Freude, und die gemeinsamen Mahlzeiten sind der perfekte Moment, um Reiseerlebnisse auszutauschen. Im Apartment gibt es au\u00dferdem ein Schlafzimmer mit Schminktisch, ein Wohnzimmer mit Schlafsofa und ein ger\u00e4umiges Badezimmer mit Waschmaschine. Es verf\u00fcgt \u00fcber einen separaten Eingang und eine Terrasse und befindet sich im Erdgeschoss.    <\/p>\n\n\n\n<p>Du kannst deinen Urlaub mit Hund, Katze oder einem anderen kleinen Haustier verbringen, ein Parkplatz ist ebenfalls vorhanden. Die Schl\u00fcssel k\u00f6nnen nach vorheriger Absprache aus einem Schl\u00fcsselsafe abgeholt werden. <\/p>\n<\/div>\n\n\n\n<div class=\"wp-block-column is-layout-flow\" style=\"flex-basis:33.33%\">\n<figure class=\"wp-block-image size-full is-style-default\"><a href=\"https:\/\/i0.wp.com\/wakacyjnyrewal.pl\/wp-content\/uploads\/2022\/06\/toskanski.png\"><img decoding=\"async\" src=\"https:\/\/i0.wp.com\/wakacyjnyrewal.pl\/wp-content\/uploads\/2022\/06\/toskanski.png?w=1200\" alt=\"\" class=\"wp-image-279\" data-recalc-dims=\"1\"\/><\/a><\/figure><\/div>\n<\/div>\n\n<h2 class=\"wp-block-heading\">Lage <\/h2>\n\n<div style=\"height:30px\" aria-hidden=\"true\" class=\"wp-block-spacer\"><\/div>\n\n<iframe src=\"https:\/\/www.google.com\/maps\/embed?pb=!1m18!1m12!1m3!1d1655.0299609108065!2d15.009902530226524!3d54.08144964975045!2m3!1f0!2f0!3f0!3m2!1i1024!2i768!4f13.1!3m3!1m2!1s0x4700762408b1bb6b%3A0x49741f20f25569ba!2sRycerska%204%2C%2072-344%20Rewal!5e0!3m2!1spl!2spl!4v1649442295365!5m2!1spl!2spl\" style=\"border:0;\" allowfullscreen=\"\" loading=\"lazy\" referrerpolicy=\"no-referrer-when-downgrade\" width=\"100%\" height=\"500\"><\/iframe>\n\n<div style=\"height:50px\" aria-hidden=\"true\" class=\"wp-block-spacer\"><\/div>\n\n<h2 class=\"wp-block-heading\">Bildergalerie<\/h2>\n\n<div style=\"height:30px\" aria-hidden=\"true\" class=\"wp-block-spacer\"><\/div>\n\n<div class=\"wp-block-jetpack-tiled-gallery aligncenter is-style-rectangular\"><div class=\"tiled-gallery__gallery\"><div class=\"tiled-gallery__row\"><div class=\"tiled-gallery__col\" style=\"flex-basis:40.39887%\"><figure class=\"tiled-gallery__item\"><a href=\"https:\/\/i0.wp.com\/wakacyjnyrewal.pl\/wp-content\/uploads\/2023\/05\/A91A4833-1024x683.jpg?ssl=1\"><img decoding=\"async\" srcset=\"https:\/\/i1.wp.com\/wakacyjnyrewal.pl\/wp-content\/uploads\/2023\/05\/A91A4833-1024x683.jpg?strip=info&#038;w=600&#038;ssl=1 600w,https:\/\/i1.wp.com\/wakacyjnyrewal.pl\/wp-content\/uploads\/2023\/05\/A91A4833-1024x683.jpg?strip=info&#038;w=900&#038;ssl=1 900w,https:\/\/i1.wp.com\/wakacyjnyrewal.pl\/wp-content\/uploads\/2023\/05\/A91A4833-1024x683.jpg?strip=info&#038;w=1000&#038;ssl=1 1000w\" alt=\"Toskana Wohnzimmer\" data-height=\"667\" data-id=\"644\" data-link=\"https:\/\/wakacyjnyrewal.pl\/a91a4833\/\" data-url=\"https:\/\/wakacyjnyrewal.pl\/wp-content\/uploads\/2023\/05\/A91A4833-1024x683.jpg\" data-width=\"1000\" src=\"https:\/\/i1.wp.com\/wakacyjnyrewal.pl\/wp-content\/uploads\/2023\/05\/A91A4833-1024x683.jpg?ssl=1\" data-amp-layout=\"responsive\"><\/a><\/figure><figure class=\"tiled-gallery__item\"><a href=\"https:\/\/i0.wp.com\/wakacyjnyrewal.pl\/wp-content\/uploads\/2023\/05\/A91A4959-Edit-1024x683.jpg?ssl=1\"><img decoding=\"async\" srcset=\"https:\/\/i2.wp.com\/wakacyjnyrewal.pl\/wp-content\/uploads\/2023\/05\/A91A4959-Edit-1024x683.jpg?strip=info&#038;w=600&#038;ssl=1 600w,https:\/\/i2.wp.com\/wakacyjnyrewal.pl\/wp-content\/uploads\/2023\/05\/A91A4959-Edit-1024x683.jpg?strip=info&#038;w=800&#038;ssl=1 800w\" alt=\"Toskana K\u00fcche \/ Wohnzimmer\" data-height=\"533\" data-id=\"648\" data-link=\"https:\/\/wakacyjnyrewal.pl\/a91a4959-edit\/\" data-url=\"https:\/\/wakacyjnyrewal.pl\/wp-content\/uploads\/2023\/05\/A91A4959-Edit-1024x683.jpg\" data-width=\"800\" src=\"https:\/\/i2.wp.com\/wakacyjnyrewal.pl\/wp-content\/uploads\/2023\/05\/A91A4959-Edit-1024x683.jpg?ssl=1\" data-amp-layout=\"responsive\"><\/a><\/figure><figure class=\"tiled-gallery__item\"><a href=\"https:\/\/i0.wp.com\/wakacyjnyrewal.pl\/wp-content\/uploads\/2023\/05\/A91A4500-Edit-1024x731.jpg?ssl=1\"><img decoding=\"async\" srcset=\"https:\/\/i1.wp.com\/wakacyjnyrewal.pl\/wp-content\/uploads\/2023\/05\/A91A4500-Edit-1024x731.jpg?strip=info&#038;w=600&#038;ssl=1 600w,https:\/\/i1.wp.com\/wakacyjnyrewal.pl\/wp-content\/uploads\/2023\/05\/A91A4500-Edit-1024x731.jpg?strip=info&#038;w=800&#038;ssl=1 800w\" alt=\"Toskana Badezimmer\" data-height=\"571\" data-id=\"638\" data-link=\"https:\/\/wakacyjnyrewal.pl\/a91a4500-edit\/\" data-url=\"https:\/\/wakacyjnyrewal.pl\/wp-content\/uploads\/2023\/05\/A91A4500-Edit-1024x731.jpg\" data-width=\"800\" src=\"https:\/\/i1.wp.com\/wakacyjnyrewal.pl\/wp-content\/uploads\/2023\/05\/A91A4500-Edit-1024x731.jpg?ssl=1\" data-amp-layout=\"responsive\"><\/a><\/figure><\/div><div class=\"tiled-gallery__col\" style=\"flex-basis:59.60113%\"><figure class=\"tiled-gallery__item\"><a href=\"https:\/\/i0.wp.com\/wakacyjnyrewal.pl\/wp-content\/uploads\/2023\/05\/A91A4737-Edit-Edit-731x1024.jpg?ssl=1\"><img decoding=\"async\" srcset=\"https:\/\/i0.wp.com\/wakacyjnyrewal.pl\/wp-content\/uploads\/2023\/05\/A91A4737-Edit-Edit-731x1024.jpg?strip=info&#038;w=572&#038;ssl=1 572w\" alt=\"Toskana Schlafzimmer \/ Wohnzimmer\" data-height=\"800\" data-id=\"642\" data-link=\"https:\/\/wakacyjnyrewal.pl\/a91a4737-edit-edit\/\" data-url=\"https:\/\/wakacyjnyrewal.pl\/wp-content\/uploads\/2023\/05\/A91A4737-Edit-Edit-731x1024.jpg\" data-width=\"572\" src=\"https:\/\/i0.wp.com\/wakacyjnyrewal.pl\/wp-content\/uploads\/2023\/05\/A91A4737-Edit-Edit-731x1024.jpg?ssl=1\" data-amp-layout=\"responsive\"><\/a><\/figure><\/div><\/div><div class=\"tiled-gallery__row\"><div class=\"tiled-gallery__col\" style=\"flex-basis:19.06053%\"><figure class=\"tiled-gallery__item\"><a href=\"https:\/\/i0.wp.com\/wakacyjnyrewal.pl\/wp-content\/uploads\/2022\/06\/Toskanski-54-683x1024.jpg?ssl=1\"><img decoding=\"async\" srcset=\"https:\/\/i0.wp.com\/wakacyjnyrewal.pl\/wp-content\/uploads\/2022\/06\/Toskanski-54-683x1024.jpg?strip=info&#038;w=533&#038;ssl=1 533w\" alt=\"Toskana Detail\" data-height=\"800\" data-id=\"315\" data-link=\"https:\/\/wakacyjnyrewal.pl\/toskanski\/toskanski-54\/\" data-url=\"https:\/\/wakacyjnyrewal.pl\/wp-content\/uploads\/2022\/06\/Toskanski-54-683x1024.jpg\" data-width=\"533\" src=\"https:\/\/i0.wp.com\/wakacyjnyrewal.pl\/wp-content\/uploads\/2022\/06\/Toskanski-54-683x1024.jpg?ssl=1\" data-amp-layout=\"responsive\"><\/a><\/figure><\/div><div class=\"tiled-gallery__col\" style=\"flex-basis:19.06053%\"><figure class=\"tiled-gallery__item\"><a href=\"https:\/\/i0.wp.com\/wakacyjnyrewal.pl\/wp-content\/uploads\/2023\/07\/A91A4860-Edit-683x1024.jpg?ssl=1\"><img decoding=\"async\" srcset=\"https:\/\/i0.wp.com\/wakacyjnyrewal.pl\/wp-content\/uploads\/2023\/07\/A91A4860-Edit-683x1024.jpg?strip=info&#038;w=533&#038;ssl=1 533w\" alt=\"Toskana Sofa\" data-height=\"800\" data-id=\"846\" data-link=\"https:\/\/wakacyjnyrewal.pl\/start\/a91a4860-edit-2\/\" data-url=\"https:\/\/wakacyjnyrewal.pl\/wp-content\/uploads\/2023\/07\/A91A4860-Edit-683x1024.jpg\" data-width=\"533\" src=\"https:\/\/i0.wp.com\/wakacyjnyrewal.pl\/wp-content\/uploads\/2023\/07\/A91A4860-Edit-683x1024.jpg?ssl=1\" data-amp-layout=\"responsive\"><\/a><\/figure><\/div><div class=\"tiled-gallery__col\" style=\"flex-basis:19.06053%\"><figure class=\"tiled-gallery__item\"><a href=\"https:\/\/i0.wp.com\/wakacyjnyrewal.pl\/wp-content\/uploads\/2022\/06\/Toskanski-52-683x1024.jpg?ssl=1\"><img decoding=\"async\" srcset=\"https:\/\/i2.wp.com\/wakacyjnyrewal.pl\/wp-content\/uploads\/2022\/06\/Toskanski-52-683x1024.jpg?strip=info&#038;w=533&#038;ssl=1 533w\" alt=\"Toskana Detail\" data-height=\"800\" data-id=\"313\" data-link=\"https:\/\/wakacyjnyrewal.pl\/toskanski\/toskanski-52\/\" data-url=\"https:\/\/wakacyjnyrewal.pl\/wp-content\/uploads\/2022\/06\/Toskanski-52-683x1024.jpg\" data-width=\"533\" src=\"https:\/\/i2.wp.com\/wakacyjnyrewal.pl\/wp-content\/uploads\/2022\/06\/Toskanski-52-683x1024.jpg?ssl=1\" data-amp-layout=\"responsive\"><\/a><\/figure><\/div><div class=\"tiled-gallery__col\" style=\"flex-basis:42.81841%\"><figure class=\"tiled-gallery__item\"><a href=\"https:\/\/i0.wp.com\/wakacyjnyrewal.pl\/wp-content\/uploads\/2023\/05\/A91A4940-Edit-1024x683.jpg?ssl=1\"><img decoding=\"async\" srcset=\"https:\/\/i1.wp.com\/wakacyjnyrewal.pl\/wp-content\/uploads\/2023\/05\/A91A4940-Edit-1024x683.jpg?strip=info&#038;w=600&#038;ssl=1 600w,https:\/\/i1.wp.com\/wakacyjnyrewal.pl\/wp-content\/uploads\/2023\/05\/A91A4940-Edit-1024x683.jpg?strip=info&#038;w=800&#038;ssl=1 800w\" alt=\"Toskana K\u00fcche\" data-height=\"533\" data-id=\"647\" data-link=\"https:\/\/wakacyjnyrewal.pl\/a91a4940-edit\/\" data-url=\"https:\/\/wakacyjnyrewal.pl\/wp-content\/uploads\/2023\/05\/A91A4940-Edit-1024x683.jpg\" data-width=\"800\" src=\"https:\/\/i1.wp.com\/wakacyjnyrewal.pl\/wp-content\/uploads\/2023\/05\/A91A4940-Edit-1024x683.jpg?ssl=1\" data-amp-layout=\"responsive\"><\/a><\/figure><\/div><\/div><div class=\"tiled-gallery__row\"><div class=\"tiled-gallery__col\" style=\"flex-basis:57.31507%\"><figure class=\"tiled-gallery__item\"><a href=\"https:\/\/i0.wp.com\/wakacyjnyrewal.pl\/wp-content\/uploads\/2023\/07\/A91A4574-Edit-Edit-683x1024.jpg?ssl=1\"><img decoding=\"async\" srcset=\"https:\/\/i1.wp.com\/wakacyjnyrewal.pl\/wp-content\/uploads\/2023\/07\/A91A4574-Edit-Edit-683x1024.jpg?strip=info&#038;w=533&#038;ssl=1 533w\" alt=\"Toskana Badezimmer\" data-height=\"800\" data-id=\"847\" data-link=\"https:\/\/wakacyjnyrewal.pl\/start\/a91a4574-edit-edit-2\/\" data-url=\"https:\/\/wakacyjnyrewal.pl\/wp-content\/uploads\/2023\/07\/A91A4574-Edit-Edit-683x1024.jpg\" data-width=\"533\" src=\"https:\/\/i1.wp.com\/wakacyjnyrewal.pl\/wp-content\/uploads\/2023\/07\/A91A4574-Edit-Edit-683x1024.jpg?ssl=1\" data-amp-layout=\"responsive\"><\/a><\/figure><\/div><div class=\"tiled-gallery__col\" style=\"flex-basis:42.68493%\"><figure class=\"tiled-gallery__item\"><a href=\"https:\/\/i0.wp.com\/wakacyjnyrewal.pl\/wp-content\/uploads\/2022\/06\/Toskanski-42-1024x683.jpg?ssl=1\"><img decoding=\"async\" srcset=\"https:\/\/i2.wp.com\/wakacyjnyrewal.pl\/wp-content\/uploads\/2022\/06\/Toskanski-42-1024x683.jpg?strip=info&#038;w=600&#038;ssl=1 600w,https:\/\/i2.wp.com\/wakacyjnyrewal.pl\/wp-content\/uploads\/2022\/06\/Toskanski-42-1024x683.jpg?strip=info&#038;w=800&#038;ssl=1 800w\" alt=\"Toskana Detail\" data-height=\"533\" data-id=\"308\" data-link=\"https:\/\/wakacyjnyrewal.pl\/toskanski\/toskanski-42\/\" data-url=\"https:\/\/wakacyjnyrewal.pl\/wp-content\/uploads\/2022\/06\/Toskanski-42-1024x683.jpg\" data-width=\"800\" src=\"https:\/\/i2.wp.com\/wakacyjnyrewal.pl\/wp-content\/uploads\/2022\/06\/Toskanski-42-1024x683.jpg?ssl=1\" data-amp-layout=\"responsive\"><\/a><\/figure><figure class=\"tiled-gallery__item\"><a href=\"https:\/\/i0.wp.com\/wakacyjnyrewal.pl\/wp-content\/uploads\/2023\/07\/A91A4777-Edit-1024x683.jpg?ssl=1\"><img decoding=\"async\" srcset=\"https:\/\/i2.wp.com\/wakacyjnyrewal.pl\/wp-content\/uploads\/2023\/07\/A91A4777-Edit-1024x683.jpg?strip=info&#038;w=600&#038;ssl=1 600w,https:\/\/i2.wp.com\/wakacyjnyrewal.pl\/wp-content\/uploads\/2023\/07\/A91A4777-Edit-1024x683.jpg?strip=info&#038;w=800&#038;ssl=1 800w\" alt=\"Toskana Schminktisch\" data-height=\"533\" data-id=\"843\" data-link=\"https:\/\/wakacyjnyrewal.pl\/start\/a91a4777-edit-2\/\" data-url=\"https:\/\/wakacyjnyrewal.pl\/wp-content\/uploads\/2023\/07\/A91A4777-Edit-1024x683.jpg\" data-width=\"800\" src=\"https:\/\/i2.wp.com\/wakacyjnyrewal.pl\/wp-content\/uploads\/2023\/07\/A91A4777-Edit-1024x683.jpg?ssl=1\" data-amp-layout=\"responsive\"><\/a><\/figure><figure class=\"tiled-gallery__item\"><a href=\"https:\/\/i0.wp.com\/wakacyjnyrewal.pl\/wp-content\/uploads\/2022\/06\/Toskanski-50-1024x683.jpg?ssl=1\"><img decoding=\"async\" srcset=\"https:\/\/i1.wp.com\/wakacyjnyrewal.pl\/wp-content\/uploads\/2022\/06\/Toskanski-50-1024x683.jpg?strip=info&#038;w=600&#038;ssl=1 600w,https:\/\/i1.wp.com\/wakacyjnyrewal.pl\/wp-content\/uploads\/2022\/06\/Toskanski-50-1024x683.jpg?strip=info&#038;w=800&#038;ssl=1 800w\" alt=\"Toskana Detail\" data-height=\"533\" data-id=\"312\" data-link=\"https:\/\/wakacyjnyrewal.pl\/toskanski\/toskanski-50\/\" data-url=\"https:\/\/wakacyjnyrewal.pl\/wp-content\/uploads\/2022\/06\/Toskanski-50-1024x683.jpg\" data-width=\"800\" src=\"https:\/\/i1.wp.com\/wakacyjnyrewal.pl\/wp-content\/uploads\/2022\/06\/Toskanski-50-1024x683.jpg?ssl=1\" data-amp-layout=\"responsive\"><\/a><\/figure><\/div><\/div><div class=\"tiled-gallery__row\"><div class=\"tiled-gallery__col\" style=\"flex-basis:51.86778%\"><figure class=\"tiled-gallery__item\"><a href=\"https:\/\/i0.wp.com\/wakacyjnyrewal.pl\/wp-content\/uploads\/2023\/07\/A91A4687-Edit-Edit-Edit-1024x686.jpg?ssl=1\"><img decoding=\"async\" srcset=\"https:\/\/i1.wp.com\/wakacyjnyrewal.pl\/wp-content\/uploads\/2023\/07\/A91A4687-Edit-Edit-Edit-1024x686.jpg?strip=info&#038;w=600&#038;ssl=1 600w,https:\/\/i1.wp.com\/wakacyjnyrewal.pl\/wp-content\/uploads\/2023\/07\/A91A4687-Edit-Edit-Edit-1024x686.jpg?strip=info&#038;w=800&#038;ssl=1 800w\" alt=\"Toskana Schlafzimmer\" data-height=\"536\" data-id=\"845\" data-link=\"https:\/\/wakacyjnyrewal.pl\/start\/a91a4687-edit-edit-edit-2\/\" data-url=\"https:\/\/wakacyjnyrewal.pl\/wp-content\/uploads\/2023\/07\/A91A4687-Edit-Edit-Edit-1024x686.jpg\" data-width=\"800\" src=\"https:\/\/i1.wp.com\/wakacyjnyrewal.pl\/wp-content\/uploads\/2023\/07\/A91A4687-Edit-Edit-Edit-1024x686.jpg?ssl=1\" data-amp-layout=\"responsive\"><\/a><\/figure><figure class=\"tiled-gallery__item\"><a href=\"https:\/\/i0.wp.com\/wakacyjnyrewal.pl\/wp-content\/uploads\/2023\/07\/A91A4925-Edit-Edit-2-1024x731.jpg?ssl=1\"><img decoding=\"async\" srcset=\"https:\/\/i0.wp.com\/wakacyjnyrewal.pl\/wp-content\/uploads\/2023\/07\/A91A4925-Edit-Edit-2-1024x731.jpg?strip=info&#038;w=600&#038;ssl=1 600w,https:\/\/i0.wp.com\/wakacyjnyrewal.pl\/wp-content\/uploads\/2023\/07\/A91A4925-Edit-Edit-2-1024x731.jpg?strip=info&#038;w=800&#038;ssl=1 800w\" alt=\"Toskana Wohnzimmer\" data-height=\"571\" data-id=\"844\" data-link=\"https:\/\/wakacyjnyrewal.pl\/start\/a91a4925-edit-edit-2-2\/\" data-url=\"https:\/\/wakacyjnyrewal.pl\/wp-content\/uploads\/2023\/07\/A91A4925-Edit-Edit-2-1024x731.jpg\" data-width=\"800\" src=\"https:\/\/i0.wp.com\/wakacyjnyrewal.pl\/wp-content\/uploads\/2023\/07\/A91A4925-Edit-Edit-2-1024x731.jpg?ssl=1\" data-amp-layout=\"responsive\"><\/a><\/figure><\/div><div class=\"tiled-gallery__col\" style=\"flex-basis:48.13222%\"><figure class=\"tiled-gallery__item\"><a href=\"https:\/\/i0.wp.com\/wakacyjnyrewal.pl\/wp-content\/uploads\/2022\/06\/Toskanski-53-683x1024.jpg?ssl=1\"><img decoding=\"async\" srcset=\"https:\/\/i1.wp.com\/wakacyjnyrewal.pl\/wp-content\/uploads\/2022\/06\/Toskanski-53-683x1024.jpg?strip=info&#038;w=533&#038;ssl=1 533w\" alt=\"Toskana Detail\" data-height=\"800\" data-id=\"314\" data-link=\"https:\/\/wakacyjnyrewal.pl\/toskanski\/toskanski-53\/\" data-url=\"https:\/\/wakacyjnyrewal.pl\/wp-content\/uploads\/2022\/06\/Toskanski-53-683x1024.jpg\" data-width=\"533\" src=\"https:\/\/i1.wp.com\/wakacyjnyrewal.pl\/wp-content\/uploads\/2022\/06\/Toskanski-53-683x1024.jpg?ssl=1\" data-amp-layout=\"responsive\"><\/a><\/figure><\/div><\/div><div class=\"tiled-gallery__row\"><div class=\"tiled-gallery__col\" style=\"flex-basis:50.00000%\"><figure class=\"tiled-gallery__item\"><a href=\"https:\/\/i0.wp.com\/wakacyjnyrewal.pl\/wp-content\/uploads\/2023\/07\/A91A4959-Edit-1024x683.jpg?ssl=1\"><img decoding=\"async\" srcset=\"https:\/\/i1.wp.com\/wakacyjnyrewal.pl\/wp-content\/uploads\/2023\/07\/A91A4959-Edit-1024x683.jpg?strip=info&#038;w=600&#038;ssl=1 600w,https:\/\/i1.wp.com\/wakacyjnyrewal.pl\/wp-content\/uploads\/2023\/07\/A91A4959-Edit-1024x683.jpg?strip=info&#038;w=800&#038;ssl=1 800w\" alt=\"Toskana Wohnung\" data-height=\"533\" data-id=\"841\" data-link=\"https:\/\/wakacyjnyrewal.pl\/start\/a91a4959-edit-2\/\" data-url=\"https:\/\/wakacyjnyrewal.pl\/wp-content\/uploads\/2023\/07\/A91A4959-Edit-1024x683.jpg\" data-width=\"800\" src=\"https:\/\/i1.wp.com\/wakacyjnyrewal.pl\/wp-content\/uploads\/2023\/07\/A91A4959-Edit-1024x683.jpg?ssl=1\" data-amp-layout=\"responsive\"><\/a><\/figure><\/div><div class=\"tiled-gallery__col\" style=\"flex-basis:50.00000%\"><figure class=\"tiled-gallery__item\"><a href=\"https:\/\/i0.wp.com\/wakacyjnyrewal.pl\/wp-content\/uploads\/2022\/06\/Toskanski-62-1024x683.jpg?ssl=1\"><img decoding=\"async\" srcset=\"https:\/\/i2.wp.com\/wakacyjnyrewal.pl\/wp-content\/uploads\/2022\/06\/Toskanski-62-1024x683.jpg?strip=info&#038;w=600&#038;ssl=1 600w,https:\/\/i2.wp.com\/wakacyjnyrewal.pl\/wp-content\/uploads\/2022\/06\/Toskanski-62-1024x683.jpg?strip=info&#038;w=800&#038;ssl=1 800w\" alt=\"Toskana Detail\" data-height=\"533\" data-id=\"318\" data-link=\"https:\/\/wakacyjnyrewal.pl\/toskanski\/toskanski-62\/\" data-url=\"https:\/\/wakacyjnyrewal.pl\/wp-content\/uploads\/2022\/06\/Toskanski-62-1024x683.jpg\" data-width=\"800\" src=\"https:\/\/i2.wp.com\/wakacyjnyrewal.pl\/wp-content\/uploads\/2022\/06\/Toskanski-62-1024x683.jpg?ssl=1\" data-amp-layout=\"responsive\"><\/a><\/figure><\/div><\/div><div class=\"tiled-gallery__row\"><div class=\"tiled-gallery__col\" style=\"flex-basis:23.54452%\"><figure class=\"tiled-gallery__item\"><a href=\"https:\/\/i0.wp.com\/wakacyjnyrewal.pl\/wp-content\/uploads\/2023\/07\/A91A4586-Edit-2-683x1024.jpg?ssl=1\"><img decoding=\"async\" srcset=\"https:\/\/i1.wp.com\/wakacyjnyrewal.pl\/wp-content\/uploads\/2023\/07\/A91A4586-Edit-2-683x1024.jpg?strip=info&#038;w=533&#038;ssl=1 533w\" alt=\"Toskana Badezimmer\" data-height=\"800\" data-id=\"842\" data-link=\"https:\/\/wakacyjnyrewal.pl\/start\/a91a4586-edit-2-2\/\" data-url=\"https:\/\/wakacyjnyrewal.pl\/wp-content\/uploads\/2023\/07\/A91A4586-Edit-2-683x1024.jpg\" data-width=\"533\" src=\"https:\/\/i1.wp.com\/wakacyjnyrewal.pl\/wp-content\/uploads\/2023\/07\/A91A4586-Edit-2-683x1024.jpg?ssl=1\" data-amp-layout=\"responsive\"><\/a><\/figure><\/div><div class=\"tiled-gallery__col\" style=\"flex-basis:52.91095%\"><figure class=\"tiled-gallery__item\"><a href=\"https:\/\/i0.wp.com\/wakacyjnyrewal.pl\/wp-content\/uploads\/2022\/06\/Toskanski-55-1024x683.jpg?ssl=1\"><img decoding=\"async\" srcset=\"https:\/\/i0.wp.com\/wakacyjnyrewal.pl\/wp-content\/uploads\/2022\/06\/Toskanski-55-1024x683.jpg?strip=info&#038;w=600&#038;ssl=1 600w,https:\/\/i0.wp.com\/wakacyjnyrewal.pl\/wp-content\/uploads\/2022\/06\/Toskanski-55-1024x683.jpg?strip=info&#038;w=800&#038;ssl=1 800w\" alt=\"Toskana Detail\" data-height=\"533\" data-id=\"316\" data-link=\"https:\/\/wakacyjnyrewal.pl\/toskanski\/toskanski-55\/\" data-url=\"https:\/\/wakacyjnyrewal.pl\/wp-content\/uploads\/2022\/06\/Toskanski-55-1024x683.jpg\" data-width=\"800\" src=\"https:\/\/i0.wp.com\/wakacyjnyrewal.pl\/wp-content\/uploads\/2022\/06\/Toskanski-55-1024x683.jpg?ssl=1\" data-amp-layout=\"responsive\"><\/a><\/figure><\/div><div class=\"tiled-gallery__col\" style=\"flex-basis:23.54452%\"><figure class=\"tiled-gallery__item\"><a href=\"https:\/\/i0.wp.com\/wakacyjnyrewal.pl\/wp-content\/uploads\/2022\/06\/Toskanski-63-683x1024.jpg?ssl=1\"><img decoding=\"async\" srcset=\"https:\/\/i0.wp.com\/wakacyjnyrewal.pl\/wp-content\/uploads\/2022\/06\/Toskanski-63-683x1024.jpg?strip=info&#038;w=533&#038;ssl=1 533w\" alt=\"Toskana Detail\" data-height=\"800\" data-id=\"283\" data-link=\"https:\/\/wakacyjnyrewal.pl\/toskanski\/toskanski-63\/\" data-url=\"https:\/\/wakacyjnyrewal.pl\/wp-content\/uploads\/2022\/06\/Toskanski-63-683x1024.jpg\" data-width=\"533\" src=\"https:\/\/i0.wp.com\/wakacyjnyrewal.pl\/wp-content\/uploads\/2022\/06\/Toskanski-63-683x1024.jpg?ssl=1\" data-amp-layout=\"responsive\"><\/a><\/figure><\/div><\/div><div class=\"tiled-gallery__row\"><div class=\"tiled-gallery__col\" style=\"flex-basis:30.78843%\"><figure class=\"tiled-gallery__item\"><a href=\"https:\/\/i0.wp.com\/wakacyjnyrewal.pl\/wp-content\/uploads\/2022\/06\/Toskanski-43-683x1024.jpg?ssl=1\"><img decoding=\"async\" srcset=\"https:\/\/i2.wp.com\/wakacyjnyrewal.pl\/wp-content\/uploads\/2022\/06\/Toskanski-43-683x1024.jpg?strip=info&#038;w=533&#038;ssl=1 533w\" alt=\"Toskana Detail\" data-height=\"800\" data-id=\"309\" data-link=\"https:\/\/wakacyjnyrewal.pl\/toskanski\/toskanski-43\/\" data-url=\"https:\/\/wakacyjnyrewal.pl\/wp-content\/uploads\/2022\/06\/Toskanski-43-683x1024.jpg\" data-width=\"533\" src=\"https:\/\/i2.wp.com\/wakacyjnyrewal.pl\/wp-content\/uploads\/2022\/06\/Toskanski-43-683x1024.jpg?ssl=1\" data-amp-layout=\"responsive\"><\/a><\/figure><\/div><div class=\"tiled-gallery__col\" style=\"flex-basis:69.21157%\"><figure class=\"tiled-gallery__item\"><a href=\"https:\/\/i0.wp.com\/wakacyjnyrewal.pl\/wp-content\/uploads\/2023\/07\/PS5_2691-Edit-1024x683.jpg?ssl=1\"><img decoding=\"async\" srcset=\"https:\/\/i0.wp.com\/wakacyjnyrewal.pl\/wp-content\/uploads\/2023\/07\/PS5_2691-Edit-1024x683.jpg?strip=info&#038;w=600&#038;ssl=1 600w,https:\/\/i0.wp.com\/wakacyjnyrewal.pl\/wp-content\/uploads\/2023\/07\/PS5_2691-Edit-1024x683.jpg?strip=info&#038;w=800&#038;ssl=1 800w\" alt=\"Rycerska 4\" data-height=\"533\" data-id=\"967\" data-link=\"https:\/\/wakacyjnyrewal.pl\/prowansalski\/ps5_2691-edit\/\" data-url=\"https:\/\/wakacyjnyrewal.pl\/wp-content\/uploads\/2023\/07\/PS5_2691-Edit-1024x683.jpg\" data-width=\"800\" src=\"https:\/\/i0.wp.com\/wakacyjnyrewal.pl\/wp-content\/uploads\/2023\/07\/PS5_2691-Edit-1024x683.jpg?ssl=1\" data-amp-layout=\"responsive\"><\/a><\/figure><\/div><\/div><\/div><\/div>\n\n<div style=\"height:50px\" aria-hidden=\"true\" class=\"wp-block-spacer\"><\/div>\n\n<h2 class=\"wp-block-heading\">Empfohlene Anreise<\/h2>\n\n<div style=\"height:30px\" aria-hidden=\"true\" class=\"wp-block-spacer\"><\/div>\n\n<figure class=\"wp-block-image size-full is-style-default\"><img decoding=\"async\" loading=\"lazy\" width=\"1150\" height=\"832\" src=\"https:\/\/i0.wp.com\/wakacyjnyrewal.pl\/wp-content\/uploads\/2022\/04\/mapka.jpg?resize=1150%2C832\" alt=\"\" class=\"wp-image-255\" srcset=\"https:\/\/i0.wp.com\/wakacyjnyrewal.pl\/wp-content\/uploads\/2022\/04\/mapka.jpg?w=1150&amp;ssl=1 1150w, https:\/\/i0.wp.com\/wakacyjnyrewal.pl\/wp-content\/uploads\/2022\/04\/mapka.jpg?resize=300%2C217&amp;ssl=1 300w, https:\/\/i0.wp.com\/wakacyjnyrewal.pl\/wp-content\/uploads\/2022\/04\/mapka.jpg?resize=1024%2C741&amp;ssl=1 1024w, https:\/\/i0.wp.com\/wakacyjnyrewal.pl\/wp-content\/uploads\/2022\/04\/mapka.jpg?resize=768%2C556&amp;ssl=1 768w\" sizes=\"(max-width: 1150px) 100vw, 1150px\" data-recalc-dims=\"1\" \/><\/figure>","protected":false},"excerpt":{"rendered":"<p>Toskana-Apartment Rewal, Rycerska 4 31,50 m\u00b2 f\u00fcr max. 3 Personen Genie\u00dfe einen Moment der Ruhe und Harmonie im italienischen Stil. Das Toskana-Apartment besticht durch seine elegante Einrichtung, warme Farben und eine romantische Atmosph\u00e4re. Das Toskana-Apartment verf\u00fcgt \u00fcber eine voll ausgestattete K\u00fcche, in der du deine Lieblingsmahlzeiten zubereiten kannst. Die K\u00fcche ist modern eingerichtet und bietet&hellip;<\/p>\n","protected":false},"author":1,"featured_media":0,"parent":0,"menu_order":0,"comment_status":"closed","ping_status":"closed","template":"","meta":[],"_links":{"self":[{"href":"https:\/\/wakacyjnyrewal.pl\/de\/wp-json\/wp\/v2\/pages\/1398"}],"collection":[{"href":"https:\/\/wakacyjnyrewal.pl\/de\/wp-json\/wp\/v2\/pages"}],"about":[{"href":"https:\/\/wakacyjnyrewal.pl\/de\/wp-json\/wp\/v2\/types\/page"}],"author":[{"embeddable":true,"href":"https:\/\/wakacyjnyrewal.pl\/de\/wp-json\/wp\/v2\/users\/1"}],"replies":[{"embeddable":true,"href":"https:\/\/wakacyjnyrewal.pl\/de\/wp-json\/wp\/v2\/comments?post=1398"}],"version-history":[{"count":1,"href":"https:\/\/wakacyjnyrewal.pl\/de\/wp-json\/wp\/v2\/pages\/1398\/revisions"}],"predecessor-version":[{"id":1409,"href":"https:\/\/wakacyjnyrewal.pl\/de\/wp-json\/wp\/v2\/pages\/1398\/revisions\/1409"}],"wp:attachment":[{"href":"https:\/\/wakacyjnyrewal.pl\/de\/wp-json\/wp\/v2\/media?parent=1398"}],"curies":[{"name":"wp","href":"https:\/\/api.w.org\/{rel}","templated":true}]}}