{"id":1344,"date":"2022-04-03T13:09:32","date_gmt":"2022-04-03T13:09:32","guid":{"rendered":"https:\/\/wakacyjnyrewal.pl\/kontakt\/"},"modified":"2025-10-14T20:21:40","modified_gmt":"2025-10-14T20:21:40","slug":"kontakt","status":"publish","type":"page","link":"https:\/\/wakacyjnyrewal.pl\/no\/kontakt\/","title":{"rendered":"Kontakt"},"content":{"rendered":"\n<h1 class=\"wp-block-heading\">Kontaktinformasjon<\/h1>\n\n<div style=\"height:50px\" aria-hidden=\"true\" class=\"wp-block-spacer\"><\/div>\n\n<p><strong>Feriehjemmet \u00abPla\u017ca\u00bb<\/strong><br\/>Saperska gate 12<br\/>72-344 Rewal <\/p>\n\n<p><strong>Resepsjon<\/strong><br\/>tlf. +48 91 38 62 922<br\/>mobil   +48 693 907 957<br\/><br\/>e-post: <a href=\"mailto:biuro@plaza-rewal.pl\">biuro@plaza-rewal.pl<\/a><br\/>e-post: <a href=\"mailto:biuro@strandhotel.pl\">biuro@strandhotel.pl<\/a><\/p>\n\n<p><strong>Bestilling<\/strong> (e-post, telefon), gj\u00f8r vi etter mottak av bekreftelse p\u00e5 betaling av et ikke-refunderbart depositum p\u00e5 30% av bestillingen. Restbel\u00f8pet for oppholdet betales kontant ved ankomst eller via bankoverf\u00f8ring f\u00f8r ankomst. <\/p>\n\n<div style=\"height:40px\" aria-hidden=\"true\" class=\"wp-block-spacer\"><\/div>\n\n<div class=\"wp-block-columns is-layout-flex wp-container-3\">\n<div class=\"wp-block-column is-layout-flow\">\n<h3 class=\"wp-block-heading\">Bankoverf\u00f8ringer fra Polen:<\/h3>\n\n\n\n<p>Feriehjemmet \u00abPla\u017ca\u00bb, Saperska gate 12, 72-344 Rewal<br\/>Bank Sp\u00f3\u0142dzielczy Gryfice O\/Rewal <br\/><strong>Nr. 84 9376 0001 2002 0012 2278 0001<\/strong><\/p>\n<\/div>\n\n\n\n<div class=\"wp-block-column is-layout-flow\">\n<h3 class=\"wp-block-heading\">Bankoverf\u00f8ringer fra utlandet:<\/h3>\n\n\n\n<p>Feriehjemmet \u00abPla\u017ca\u00bb, Saperska gate 12, 72-344 Rewal<br\/>Bank Sp\u00f3\u0142dzielczy Gryfice O\/Rewal <br\/><strong>Nr. PL \u2013 57 9376 0001 2002 0012 2278 0002<\/strong><br\/><strong>SWIFT: GBW CPLPP<\/strong><\/p>\n<\/div>\n<\/div>\n\n<p><strong>Merknad (form\u00e5l):<\/strong> leilighetsbestilling, dato, etternavn.<\/p>\n\n<div style=\"height:50px\" aria-hidden=\"true\" class=\"wp-block-spacer\"><\/div>\n\n<h3 class=\"wp-block-heading\">Beliggenhet <\/h3>\n\n<div style=\"height:30px\" aria-hidden=\"true\" class=\"wp-block-spacer\"><\/div>\n\n<iframe src=\"https:\/\/www.google.com\/maps\/embed?pb=!1m18!1m12!1m3!1d1655.0299609108065!2d15.009902530226524!3d54.08144964975045!2m3!1f0!2f0!3f0!3m2!1i1024!2i768!4f13.1!3m3!1m2!1s0x4700762408b1bb6b%3A0x49741f20f25569ba!2sRycerska%204%2C%2072-344%20Rewal!5e0!3m2!1spl!2spl!4v1649442295365!5m2!1spl!2spl\" width=\"100%\" height=\"500\" style=\"border:0;\" allowfullscreen=\"\" loading=\"lazy\" referrerpolicy=\"no-referrer-when-downgrade\"><\/iframe>\n\n<div style=\"height:30px\" aria-hidden=\"true\" class=\"wp-block-spacer\"><\/div>\n\n<h3 class=\"wp-block-heading\">Anbefalt reisevei<\/h3>\n\n<div style=\"height:30px\" aria-hidden=\"true\" class=\"wp-block-spacer\"><\/div>\n\n<figure class=\"wp-block-image size-full is-style-default\"><a href=\"https:\/\/i0.wp.com\/wakacyjnyrewal.pl\/wp-content\/uploads\/2022\/04\/mapka.jpg\"><img decoding=\"async\" loading=\"lazy\" width=\"1150\" height=\"832\" src=\"https:\/\/i0.wp.com\/wakacyjnyrewal.pl\/wp-content\/uploads\/2022\/04\/mapka.jpg?resize=1150%2C832\" alt=\"\" class=\"wp-image-255\" srcset=\"https:\/\/i0.wp.com\/wakacyjnyrewal.pl\/wp-content\/uploads\/2022\/04\/mapka.jpg?w=1150&amp;ssl=1 1150w, https:\/\/i0.wp.com\/wakacyjnyrewal.pl\/wp-content\/uploads\/2022\/04\/mapka.jpg?resize=300%2C217&amp;ssl=1 300w, https:\/\/i0.wp.com\/wakacyjnyrewal.pl\/wp-content\/uploads\/2022\/04\/mapka.jpg?resize=1024%2C741&amp;ssl=1 1024w, https:\/\/i0.wp.com\/wakacyjnyrewal.pl\/wp-content\/uploads\/2022\/04\/mapka.jpg?resize=768%2C556&amp;ssl=1 768w\" sizes=\"(max-width: 1150px) 100vw, 1150px\" data-recalc-dims=\"1\" \/><\/a><\/figure>\n<div style=\"height:30px\" aria-hidden=\"true\" class=\"wp-block-spacer\"><\/div>\n\n<h3 class=\"wp-block-heading\">INFORMASJONSKLAUSUL<\/h3>\n\n<p>I henhold til artikkel 13 i den generelle databeskyttelsesforordningen av 27. april 2016 (EU-tidende L 119 av 04.05.2016) informerer jeg om at:<br\/>1) behandlingsansvarlig for dine personopplysninger er F.U.H. \u00abPla\u017ca\u00bb<br\/>2) kontakt med personvernombudet \u2013 poczta@plaza-rewal.pl<br\/>3) dine personopplysninger vil bli behandlet for \u00e5 benytte hotelltjenester \u2013 i henhold til artikkel 6 nr. 1 bokstav b i den generelle databeskyttelsesforordningen av 27. april 2016.<br\/>4) mottakere av dine personopplysninger vil utelukkende v\u00e6re enheter som er autorisert til \u00e5 innhente personopplysninger i henhold til lovbestemmelser, samt enheter som deltar i leveransen av tjenester<br\/>5) dine personopplysninger vil bli lagret i 10 \u00e5r<br\/>6) du har rett til \u00e5 be behandlingsansvarlig om innsyn i personopplysningene, rett til retting, sletting eller begrensning av behandling, samt rett til dataportabilitet<br\/>7) du har rett til \u00e5 klage til tilsynsmyndigheten<br\/>8) opplysning om personopplysninger er frivillig, men nektelse av \u00e5 oppgi data kan f\u00f8re til avslag p\u00e5 tjenesten\/avtalen    <\/p>\n","protected":false},"excerpt":{"rendered":"<p>Kontaktinformasjon Feriehjemmet \u00abPla\u017ca\u00bbSaperska gate 1272-344 Rewal Resepsjontlf. +48 91 38 62 922mobil +48 693 907 957 e-post: biuro@plaza-rewal.ple-post: biuro@strandhotel.pl Bestilling (e-post, telefon), gj\u00f8r vi etter mottak av bekreftelse p\u00e5 betaling av et ikke-refunderbart depositum p\u00e5 30% av bestillingen. Restbel\u00f8pet for oppholdet betales kontant ved ankomst eller via bankoverf\u00f8ring f\u00f8r ankomst. Bankoverf\u00f8ringer fra Polen: Feriehjemmet \u00abPla\u017ca\u00bb,&hellip;<\/p>\n","protected":false},"author":1,"featured_media":0,"parent":0,"menu_order":0,"comment_status":"closed","ping_status":"closed","template":"","meta":[],"_links":{"self":[{"href":"https:\/\/wakacyjnyrewal.pl\/no\/wp-json\/wp\/v2\/pages\/1344"}],"collection":[{"href":"https:\/\/wakacyjnyrewal.pl\/no\/wp-json\/wp\/v2\/pages"}],"about":[{"href":"https:\/\/wakacyjnyrewal.pl\/no\/wp-json\/wp\/v2\/types\/page"}],"author":[{"embeddable":true,"href":"https:\/\/wakacyjnyrewal.pl\/no\/wp-json\/wp\/v2\/users\/1"}],"replies":[{"embeddable":true,"href":"https:\/\/wakacyjnyrewal.pl\/no\/wp-json\/wp\/v2\/comments?post=1344"}],"version-history":[{"count":1,"href":"https:\/\/wakacyjnyrewal.pl\/no\/wp-json\/wp\/v2\/pages\/1344\/revisions"}],"predecessor-version":[{"id":1345,"href":"https:\/\/wakacyjnyrewal.pl\/no\/wp-json\/wp\/v2\/pages\/1344\/revisions\/1345"}],"wp:attachment":[{"href":"https:\/\/wakacyjnyrewal.pl\/no\/wp-json\/wp\/v2\/media?parent=1344"}],"curies":[{"name":"wp","href":"https:\/\/api.w.org\/{rel}","templated":true}]}}