{"id":1478,"date":"2022-06-23T19:00:46","date_gmt":"2022-06-23T19:00:46","guid":{"rendered":"https:\/\/wakacyjnyrewal.pl\/toskansk\/"},"modified":"2025-10-14T21:17:46","modified_gmt":"2025-10-14T21:17:46","slug":"toskansk","status":"publish","type":"page","link":"https:\/\/wakacyjnyrewal.pl\/no\/toskansk\/","title":{"rendered":"Toskansk"},"content":{"rendered":"\n<h1 class=\"wp-block-heading\">Toscana-leiligheten<\/h1>\n\n<div style=\"height:40px\" aria-hidden=\"true\" class=\"wp-block-spacer\"><\/div>\n\n<h2 class=\"wp-block-heading\">Rewal, Rycerska gate 4 <\/h2>\n\n<p><strong>31,50 m\u00b2 for maks. 3 personer  <\/strong><\/p>\n\n<div class=\"wp-block-columns is-layout-flex wp-container-3\">\n<div class=\"wp-block-column is-layout-flow\" style=\"flex-basis:66.66%\">\n<p>Fang et \u00f8yeblikk av ro og harmoni i italiensk stil. Toscana-leiligheten tiltrekker seg med sin elegante innredning, varme farger og romantiske atmosf\u00e6re.  <\/p>\n\n\n\n<p>Toscana-leiligheten har et fullt utstyrt kj\u00f8kken hvor du kan tilberede dine favorittm\u00e5ltider. Kj\u00f8kkenet er innredet i moderne stil og tilbyr alle n\u00f8dvendige fasiliteter som kj\u00f8leskap, komfyr, oppvaskmaskin, br\u00f8drister, mikrob\u00f8lgeovn samt servise og bestikk, og et bord. Matlaging blir en gledesfylt aktivitet, og m\u00e5ltidene vil v\u00e6re perfekte \u00f8yeblikk for \u00e5 utveksle reisehistorier. Leiligheten har ogs\u00e5 et soverom med toalettbord, en stue med sovesofa og et romslig bad med vaskemaskin. Den har en separat inngang og terrasse, og ligger i f\u00f8rste etasje.    <\/p>\n\n\n\n<p>Du kan ta med hund, katt eller annet lite kj\u00e6ledyr p\u00e5 ferie, og det er ogs\u00e5 tilgjengelig parkeringsplass. Det er mulig \u00e5 hente n\u00f8klene fra en boks etter forh\u00e5ndskontakt. <\/p>\n<\/div>\n\n\n\n<div class=\"wp-block-column is-layout-flow\" style=\"flex-basis:33.33%\">\n<figure class=\"wp-block-image size-full is-style-default\"><a href=\"https:\/\/i0.wp.com\/wakacyjnyrewal.pl\/wp-content\/uploads\/2022\/06\/toskanski.png\"><img decoding=\"async\" src=\"https:\/\/i0.wp.com\/wakacyjnyrewal.pl\/wp-content\/uploads\/2022\/06\/toskanski.png?w=1200\" alt=\"\" class=\"wp-image-279\" data-recalc-dims=\"1\"\/><\/a><\/figure><\/div>\n<\/div>\n\n<h2 class=\"wp-block-heading\">Beliggenhet <\/h2>\n\n<div style=\"height:30px\" aria-hidden=\"true\" class=\"wp-block-spacer\"><\/div>\n\n<iframe src=\"https:\/\/www.google.com\/maps\/embed?pb=!1m18!1m12!1m3!1d1655.0299609108065!2d15.009902530226524!3d54.08144964975045!2m3!1f0!2f0!3f0!3m2!1i1024!2i768!4f13.1!3m3!1m2!1s0x4700762408b1bb6b%3A0x49741f20f25569ba!2sRycerska%204%2C%2072-344%20Rewal!5e0!3m2!1spl!2spl!4v1649442295365!5m2!1spl!2spl\" style=\"border:0;\" allowfullscreen=\"\" loading=\"lazy\" referrerpolicy=\"no-referrer-when-downgrade\" width=\"100%\" height=\"500\"><\/iframe>\n\n<div style=\"height:50px\" aria-hidden=\"true\" class=\"wp-block-spacer\"><\/div>\n\n<h2 class=\"wp-block-heading\">Bildegalleri<\/h2>\n\n<div style=\"height:30px\" aria-hidden=\"true\" class=\"wp-block-spacer\"><\/div>\n\n<div class=\"wp-block-jetpack-tiled-gallery aligncenter is-style-rectangular\"><div class=\"tiled-gallery__gallery\"><div class=\"tiled-gallery__row\"><div class=\"tiled-gallery__col\" style=\"flex-basis:40.39887%\"><figure class=\"tiled-gallery__item\"><a href=\"https:\/\/i0.wp.com\/wakacyjnyrewal.pl\/wp-content\/uploads\/2023\/05\/A91A4833-1024x683.jpg?ssl=1\"><img decoding=\"async\" srcset=\"https:\/\/i1.wp.com\/wakacyjnyrewal.pl\/wp-content\/uploads\/2023\/05\/A91A4833-1024x683.jpg?strip=info&#038;w=600&#038;ssl=1 600w,https:\/\/i1.wp.com\/wakacyjnyrewal.pl\/wp-content\/uploads\/2023\/05\/A91A4833-1024x683.jpg?strip=info&#038;w=900&#038;ssl=1 900w,https:\/\/i1.wp.com\/wakacyjnyrewal.pl\/wp-content\/uploads\/2023\/05\/A91A4833-1024x683.jpg?strip=info&#038;w=1000&#038;ssl=1 1000w\" alt=\"Toscana stue\" data-height=\"667\" data-id=\"644\" data-link=\"https:\/\/wakacyjnyrewal.pl\/a91a4833\/\" data-url=\"https:\/\/wakacyjnyrewal.pl\/wp-content\/uploads\/2023\/05\/A91A4833-1024x683.jpg\" data-width=\"1000\" src=\"https:\/\/i1.wp.com\/wakacyjnyrewal.pl\/wp-content\/uploads\/2023\/05\/A91A4833-1024x683.jpg?ssl=1\" data-amp-layout=\"responsive\"><\/a><\/figure><figure class=\"tiled-gallery__item\"><a href=\"https:\/\/i0.wp.com\/wakacyjnyrewal.pl\/wp-content\/uploads\/2023\/05\/A91A4959-Edit-1024x683.jpg?ssl=1\"><img decoding=\"async\" srcset=\"https:\/\/i2.wp.com\/wakacyjnyrewal.pl\/wp-content\/uploads\/2023\/05\/A91A4959-Edit-1024x683.jpg?strip=info&#038;w=600&#038;ssl=1 600w,https:\/\/i2.wp.com\/wakacyjnyrewal.pl\/wp-content\/uploads\/2023\/05\/A91A4959-Edit-1024x683.jpg?strip=info&#038;w=800&#038;ssl=1 800w\" alt=\"Toscana kj\u00f8kken \/ stue\" data-height=\"533\" data-id=\"648\" data-link=\"https:\/\/wakacyjnyrewal.pl\/a91a4959-edit\/\" data-url=\"https:\/\/wakacyjnyrewal.pl\/wp-content\/uploads\/2023\/05\/A91A4959-Edit-1024x683.jpg\" data-width=\"800\" src=\"https:\/\/i2.wp.com\/wakacyjnyrewal.pl\/wp-content\/uploads\/2023\/05\/A91A4959-Edit-1024x683.jpg?ssl=1\" data-amp-layout=\"responsive\"><\/a><\/figure><figure class=\"tiled-gallery__item\"><a href=\"https:\/\/i0.wp.com\/wakacyjnyrewal.pl\/wp-content\/uploads\/2023\/05\/A91A4500-Edit-1024x731.jpg?ssl=1\"><img decoding=\"async\" srcset=\"https:\/\/i1.wp.com\/wakacyjnyrewal.pl\/wp-content\/uploads\/2023\/05\/A91A4500-Edit-1024x731.jpg?strip=info&#038;w=600&#038;ssl=1 600w,https:\/\/i1.wp.com\/wakacyjnyrewal.pl\/wp-content\/uploads\/2023\/05\/A91A4500-Edit-1024x731.jpg?strip=info&#038;w=800&#038;ssl=1 800w\" alt=\"Toscana bad\" data-height=\"571\" data-id=\"638\" data-link=\"https:\/\/wakacyjnyrewal.pl\/a91a4500-edit\/\" data-url=\"https:\/\/wakacyjnyrewal.pl\/wp-content\/uploads\/2023\/05\/A91A4500-Edit-1024x731.jpg\" data-width=\"800\" src=\"https:\/\/i1.wp.com\/wakacyjnyrewal.pl\/wp-content\/uploads\/2023\/05\/A91A4500-Edit-1024x731.jpg?ssl=1\" data-amp-layout=\"responsive\"><\/a><\/figure><\/div><div class=\"tiled-gallery__col\" style=\"flex-basis:59.60113%\"><figure class=\"tiled-gallery__item\"><a href=\"https:\/\/i0.wp.com\/wakacyjnyrewal.pl\/wp-content\/uploads\/2023\/05\/A91A4737-Edit-Edit-731x1024.jpg?ssl=1\"><img decoding=\"async\" srcset=\"https:\/\/i0.wp.com\/wakacyjnyrewal.pl\/wp-content\/uploads\/2023\/05\/A91A4737-Edit-Edit-731x1024.jpg?strip=info&#038;w=572&#038;ssl=1 572w\" alt=\"Toscana soverom \/ stue\" data-height=\"800\" data-id=\"642\" data-link=\"https:\/\/wakacyjnyrewal.pl\/a91a4737-edit-edit\/\" data-url=\"https:\/\/wakacyjnyrewal.pl\/wp-content\/uploads\/2023\/05\/A91A4737-Edit-Edit-731x1024.jpg\" data-width=\"572\" src=\"https:\/\/i0.wp.com\/wakacyjnyrewal.pl\/wp-content\/uploads\/2023\/05\/A91A4737-Edit-Edit-731x1024.jpg?ssl=1\" data-amp-layout=\"responsive\"><\/a><\/figure><\/div><\/div><div class=\"tiled-gallery__row\"><div class=\"tiled-gallery__col\" style=\"flex-basis:19.06053%\"><figure class=\"tiled-gallery__item\"><a href=\"https:\/\/i0.wp.com\/wakacyjnyrewal.pl\/wp-content\/uploads\/2022\/06\/Toskanski-54-683x1024.jpg?ssl=1\"><img decoding=\"async\" srcset=\"https:\/\/i0.wp.com\/wakacyjnyrewal.pl\/wp-content\/uploads\/2022\/06\/Toskanski-54-683x1024.jpg?strip=info&#038;w=533&#038;ssl=1 533w\" alt=\"Toscana detalj\" data-height=\"800\" data-id=\"315\" data-link=\"https:\/\/wakacyjnyrewal.pl\/toskanski\/toskanski-54\/\" data-url=\"https:\/\/wakacyjnyrewal.pl\/wp-content\/uploads\/2022\/06\/Toskanski-54-683x1024.jpg\" data-width=\"533\" src=\"https:\/\/i0.wp.com\/wakacyjnyrewal.pl\/wp-content\/uploads\/2022\/06\/Toskanski-54-683x1024.jpg?ssl=1\" data-amp-layout=\"responsive\"><\/a><\/figure><\/div><div class=\"tiled-gallery__col\" style=\"flex-basis:19.06053%\"><figure class=\"tiled-gallery__item\"><a href=\"https:\/\/i0.wp.com\/wakacyjnyrewal.pl\/wp-content\/uploads\/2023\/07\/A91A4860-Edit-683x1024.jpg?ssl=1\"><img decoding=\"async\" srcset=\"https:\/\/i0.wp.com\/wakacyjnyrewal.pl\/wp-content\/uploads\/2023\/07\/A91A4860-Edit-683x1024.jpg?strip=info&#038;w=533&#038;ssl=1 533w\" alt=\"Toscana sofa\" data-height=\"800\" data-id=\"846\" data-link=\"https:\/\/wakacyjnyrewal.pl\/start\/a91a4860-edit-2\/\" data-url=\"https:\/\/wakacyjnyrewal.pl\/wp-content\/uploads\/2023\/07\/A91A4860-Edit-683x1024.jpg\" data-width=\"533\" src=\"https:\/\/i0.wp.com\/wakacyjnyrewal.pl\/wp-content\/uploads\/2023\/07\/A91A4860-Edit-683x1024.jpg?ssl=1\" data-amp-layout=\"responsive\"><\/a><\/figure><\/div><div class=\"tiled-gallery__col\" style=\"flex-basis:19.06053%\"><figure class=\"tiled-gallery__item\"><a href=\"https:\/\/i0.wp.com\/wakacyjnyrewal.pl\/wp-content\/uploads\/2022\/06\/Toskanski-52-683x1024.jpg?ssl=1\"><img decoding=\"async\" srcset=\"https:\/\/i2.wp.com\/wakacyjnyrewal.pl\/wp-content\/uploads\/2022\/06\/Toskanski-52-683x1024.jpg?strip=info&#038;w=533&#038;ssl=1 533w\" alt=\"Toscana detalj\" data-height=\"800\" data-id=\"313\" data-link=\"https:\/\/wakacyjnyrewal.pl\/toskanski\/toskanski-52\/\" data-url=\"https:\/\/wakacyjnyrewal.pl\/wp-content\/uploads\/2022\/06\/Toskanski-52-683x1024.jpg\" data-width=\"533\" src=\"https:\/\/i2.wp.com\/wakacyjnyrewal.pl\/wp-content\/uploads\/2022\/06\/Toskanski-52-683x1024.jpg?ssl=1\" data-amp-layout=\"responsive\"><\/a><\/figure><\/div><div class=\"tiled-gallery__col\" style=\"flex-basis:42.81841%\"><figure class=\"tiled-gallery__item\"><a href=\"https:\/\/i0.wp.com\/wakacyjnyrewal.pl\/wp-content\/uploads\/2023\/05\/A91A4940-Edit-1024x683.jpg?ssl=1\"><img decoding=\"async\" srcset=\"https:\/\/i1.wp.com\/wakacyjnyrewal.pl\/wp-content\/uploads\/2023\/05\/A91A4940-Edit-1024x683.jpg?strip=info&#038;w=600&#038;ssl=1 600w,https:\/\/i1.wp.com\/wakacyjnyrewal.pl\/wp-content\/uploads\/2023\/05\/A91A4940-Edit-1024x683.jpg?strip=info&#038;w=800&#038;ssl=1 800w\" alt=\"Toscana kj\u00f8kken\" data-height=\"533\" data-id=\"647\" data-link=\"https:\/\/wakacyjnyrewal.pl\/a91a4940-edit\/\" data-url=\"https:\/\/wakacyjnyrewal.pl\/wp-content\/uploads\/2023\/05\/A91A4940-Edit-1024x683.jpg\" data-width=\"800\" src=\"https:\/\/i1.wp.com\/wakacyjnyrewal.pl\/wp-content\/uploads\/2023\/05\/A91A4940-Edit-1024x683.jpg?ssl=1\" data-amp-layout=\"responsive\"><\/a><\/figure><\/div><\/div><div class=\"tiled-gallery__row\"><div class=\"tiled-gallery__col\" style=\"flex-basis:57.31507%\"><figure class=\"tiled-gallery__item\"><a href=\"https:\/\/i0.wp.com\/wakacyjnyrewal.pl\/wp-content\/uploads\/2023\/07\/A91A4574-Edit-Edit-683x1024.jpg?ssl=1\"><img decoding=\"async\" srcset=\"https:\/\/i1.wp.com\/wakacyjnyrewal.pl\/wp-content\/uploads\/2023\/07\/A91A4574-Edit-Edit-683x1024.jpg?strip=info&#038;w=533&#038;ssl=1 533w\" alt=\"Toscana bad\" data-height=\"800\" data-id=\"847\" data-link=\"https:\/\/wakacyjnyrewal.pl\/start\/a91a4574-edit-edit-2\/\" data-url=\"https:\/\/wakacyjnyrewal.pl\/wp-content\/uploads\/2023\/07\/A91A4574-Edit-Edit-683x1024.jpg\" data-width=\"533\" src=\"https:\/\/i1.wp.com\/wakacyjnyrewal.pl\/wp-content\/uploads\/2023\/07\/A91A4574-Edit-Edit-683x1024.jpg?ssl=1\" data-amp-layout=\"responsive\"><\/a><\/figure><\/div><div class=\"tiled-gallery__col\" style=\"flex-basis:42.68493%\"><figure class=\"tiled-gallery__item\"><a href=\"https:\/\/i0.wp.com\/wakacyjnyrewal.pl\/wp-content\/uploads\/2022\/06\/Toskanski-42-1024x683.jpg?ssl=1\"><img decoding=\"async\" srcset=\"https:\/\/i2.wp.com\/wakacyjnyrewal.pl\/wp-content\/uploads\/2022\/06\/Toskanski-42-1024x683.jpg?strip=info&#038;w=600&#038;ssl=1 600w,https:\/\/i2.wp.com\/wakacyjnyrewal.pl\/wp-content\/uploads\/2022\/06\/Toskanski-42-1024x683.jpg?strip=info&#038;w=800&#038;ssl=1 800w\" alt=\"Toscana detalj\" data-height=\"533\" data-id=\"308\" data-link=\"https:\/\/wakacyjnyrewal.pl\/toskanski\/toskanski-42\/\" data-url=\"https:\/\/wakacyjnyrewal.pl\/wp-content\/uploads\/2022\/06\/Toskanski-42-1024x683.jpg\" data-width=\"800\" src=\"https:\/\/i2.wp.com\/wakacyjnyrewal.pl\/wp-content\/uploads\/2022\/06\/Toskanski-42-1024x683.jpg?ssl=1\" data-amp-layout=\"responsive\"><\/a><\/figure><figure class=\"tiled-gallery__item\"><a href=\"https:\/\/i0.wp.com\/wakacyjnyrewal.pl\/wp-content\/uploads\/2023\/07\/A91A4777-Edit-1024x683.jpg?ssl=1\"><img decoding=\"async\" srcset=\"https:\/\/i2.wp.com\/wakacyjnyrewal.pl\/wp-content\/uploads\/2023\/07\/A91A4777-Edit-1024x683.jpg?strip=info&#038;w=600&#038;ssl=1 600w,https:\/\/i2.wp.com\/wakacyjnyrewal.pl\/wp-content\/uploads\/2023\/07\/A91A4777-Edit-1024x683.jpg?strip=info&#038;w=800&#038;ssl=1 800w\" alt=\"Toscana toalettbord\" data-height=\"533\" data-id=\"843\" data-link=\"https:\/\/wakacyjnyrewal.pl\/start\/a91a4777-edit-2\/\" data-url=\"https:\/\/wakacyjnyrewal.pl\/wp-content\/uploads\/2023\/07\/A91A4777-Edit-1024x683.jpg\" data-width=\"800\" src=\"https:\/\/i2.wp.com\/wakacyjnyrewal.pl\/wp-content\/uploads\/2023\/07\/A91A4777-Edit-1024x683.jpg?ssl=1\" data-amp-layout=\"responsive\"><\/a><\/figure><figure class=\"tiled-gallery__item\"><a href=\"https:\/\/i0.wp.com\/wakacyjnyrewal.pl\/wp-content\/uploads\/2022\/06\/Toskanski-50-1024x683.jpg?ssl=1\"><img decoding=\"async\" srcset=\"https:\/\/i1.wp.com\/wakacyjnyrewal.pl\/wp-content\/uploads\/2022\/06\/Toskanski-50-1024x683.jpg?strip=info&#038;w=600&#038;ssl=1 600w,https:\/\/i1.wp.com\/wakacyjnyrewal.pl\/wp-content\/uploads\/2022\/06\/Toskanski-50-1024x683.jpg?strip=info&#038;w=800&#038;ssl=1 800w\" alt=\"Toscana detalj\" data-height=\"533\" data-id=\"312\" data-link=\"https:\/\/wakacyjnyrewal.pl\/toskanski\/toskanski-50\/\" data-url=\"https:\/\/wakacyjnyrewal.pl\/wp-content\/uploads\/2022\/06\/Toskanski-50-1024x683.jpg\" data-width=\"800\" src=\"https:\/\/i1.wp.com\/wakacyjnyrewal.pl\/wp-content\/uploads\/2022\/06\/Toskanski-50-1024x683.jpg?ssl=1\" data-amp-layout=\"responsive\"><\/a><\/figure><\/div><\/div><div class=\"tiled-gallery__row\"><div class=\"tiled-gallery__col\" style=\"flex-basis:51.86778%\"><figure class=\"tiled-gallery__item\"><a href=\"https:\/\/i0.wp.com\/wakacyjnyrewal.pl\/wp-content\/uploads\/2023\/07\/A91A4687-Edit-Edit-Edit-1024x686.jpg?ssl=1\"><img decoding=\"async\" srcset=\"https:\/\/i1.wp.com\/wakacyjnyrewal.pl\/wp-content\/uploads\/2023\/07\/A91A4687-Edit-Edit-Edit-1024x686.jpg?strip=info&#038;w=600&#038;ssl=1 600w,https:\/\/i1.wp.com\/wakacyjnyrewal.pl\/wp-content\/uploads\/2023\/07\/A91A4687-Edit-Edit-Edit-1024x686.jpg?strip=info&#038;w=800&#038;ssl=1 800w\" alt=\"Toscana soverom\" data-height=\"536\" data-id=\"845\" data-link=\"https:\/\/wakacyjnyrewal.pl\/start\/a91a4687-edit-edit-edit-2\/\" data-url=\"https:\/\/wakacyjnyrewal.pl\/wp-content\/uploads\/2023\/07\/A91A4687-Edit-Edit-Edit-1024x686.jpg\" data-width=\"800\" src=\"https:\/\/i1.wp.com\/wakacyjnyrewal.pl\/wp-content\/uploads\/2023\/07\/A91A4687-Edit-Edit-Edit-1024x686.jpg?ssl=1\" data-amp-layout=\"responsive\"><\/a><\/figure><figure class=\"tiled-gallery__item\"><a href=\"https:\/\/i0.wp.com\/wakacyjnyrewal.pl\/wp-content\/uploads\/2023\/07\/A91A4925-Edit-Edit-2-1024x731.jpg?ssl=1\"><img decoding=\"async\" srcset=\"https:\/\/i0.wp.com\/wakacyjnyrewal.pl\/wp-content\/uploads\/2023\/07\/A91A4925-Edit-Edit-2-1024x731.jpg?strip=info&#038;w=600&#038;ssl=1 600w,https:\/\/i0.wp.com\/wakacyjnyrewal.pl\/wp-content\/uploads\/2023\/07\/A91A4925-Edit-Edit-2-1024x731.jpg?strip=info&#038;w=800&#038;ssl=1 800w\" alt=\"Toscana stue\" data-height=\"571\" data-id=\"844\" data-link=\"https:\/\/wakacyjnyrewal.pl\/start\/a91a4925-edit-edit-2-2\/\" data-url=\"https:\/\/wakacyjnyrewal.pl\/wp-content\/uploads\/2023\/07\/A91A4925-Edit-Edit-2-1024x731.jpg\" data-width=\"800\" src=\"https:\/\/i0.wp.com\/wakacyjnyrewal.pl\/wp-content\/uploads\/2023\/07\/A91A4925-Edit-Edit-2-1024x731.jpg?ssl=1\" data-amp-layout=\"responsive\"><\/a><\/figure><\/div><div class=\"tiled-gallery__col\" style=\"flex-basis:48.13222%\"><figure class=\"tiled-gallery__item\"><a href=\"https:\/\/i0.wp.com\/wakacyjnyrewal.pl\/wp-content\/uploads\/2022\/06\/Toskanski-53-683x1024.jpg?ssl=1\"><img decoding=\"async\" srcset=\"https:\/\/i1.wp.com\/wakacyjnyrewal.pl\/wp-content\/uploads\/2022\/06\/Toskanski-53-683x1024.jpg?strip=info&#038;w=533&#038;ssl=1 533w\" alt=\"Toscana detalj\" data-height=\"800\" data-id=\"314\" data-link=\"https:\/\/wakacyjnyrewal.pl\/toskanski\/toskanski-53\/\" data-url=\"https:\/\/wakacyjnyrewal.pl\/wp-content\/uploads\/2022\/06\/Toskanski-53-683x1024.jpg\" data-width=\"533\" src=\"https:\/\/i1.wp.com\/wakacyjnyrewal.pl\/wp-content\/uploads\/2022\/06\/Toskanski-53-683x1024.jpg?ssl=1\" data-amp-layout=\"responsive\"><\/a><\/figure><\/div><\/div><div class=\"tiled-gallery__row\"><div class=\"tiled-gallery__col\" style=\"flex-basis:50.00000%\"><figure class=\"tiled-gallery__item\"><a href=\"https:\/\/i0.wp.com\/wakacyjnyrewal.pl\/wp-content\/uploads\/2023\/07\/A91A4959-Edit-1024x683.jpg?ssl=1\"><img decoding=\"async\" srcset=\"https:\/\/i1.wp.com\/wakacyjnyrewal.pl\/wp-content\/uploads\/2023\/07\/A91A4959-Edit-1024x683.jpg?strip=info&#038;w=600&#038;ssl=1 600w,https:\/\/i1.wp.com\/wakacyjnyrewal.pl\/wp-content\/uploads\/2023\/07\/A91A4959-Edit-1024x683.jpg?strip=info&#038;w=800&#038;ssl=1 800w\" alt=\"Toscana leilighet\" data-height=\"533\" data-id=\"841\" data-link=\"https:\/\/wakacyjnyrewal.pl\/start\/a91a4959-edit-2\/\" data-url=\"https:\/\/wakacyjnyrewal.pl\/wp-content\/uploads\/2023\/07\/A91A4959-Edit-1024x683.jpg\" data-width=\"800\" src=\"https:\/\/i1.wp.com\/wakacyjnyrewal.pl\/wp-content\/uploads\/2023\/07\/A91A4959-Edit-1024x683.jpg?ssl=1\" data-amp-layout=\"responsive\"><\/a><\/figure><\/div><div class=\"tiled-gallery__col\" style=\"flex-basis:50.00000%\"><figure class=\"tiled-gallery__item\"><a href=\"https:\/\/i0.wp.com\/wakacyjnyrewal.pl\/wp-content\/uploads\/2022\/06\/Toskanski-62-1024x683.jpg?ssl=1\"><img decoding=\"async\" srcset=\"https:\/\/i2.wp.com\/wakacyjnyrewal.pl\/wp-content\/uploads\/2022\/06\/Toskanski-62-1024x683.jpg?strip=info&#038;w=600&#038;ssl=1 600w,https:\/\/i2.wp.com\/wakacyjnyrewal.pl\/wp-content\/uploads\/2022\/06\/Toskanski-62-1024x683.jpg?strip=info&#038;w=800&#038;ssl=1 800w\" alt=\"Toscana detalj\" data-height=\"533\" data-id=\"318\" data-link=\"https:\/\/wakacyjnyrewal.pl\/toskanski\/toskanski-62\/\" data-url=\"https:\/\/wakacyjnyrewal.pl\/wp-content\/uploads\/2022\/06\/Toskanski-62-1024x683.jpg\" data-width=\"800\" src=\"https:\/\/i2.wp.com\/wakacyjnyrewal.pl\/wp-content\/uploads\/2022\/06\/Toskanski-62-1024x683.jpg?ssl=1\" data-amp-layout=\"responsive\"><\/a><\/figure><\/div><\/div><div class=\"tiled-gallery__row\"><div class=\"tiled-gallery__col\" style=\"flex-basis:23.54452%\"><figure class=\"tiled-gallery__item\"><a href=\"https:\/\/i0.wp.com\/wakacyjnyrewal.pl\/wp-content\/uploads\/2023\/07\/A91A4586-Edit-2-683x1024.jpg?ssl=1\"><img decoding=\"async\" srcset=\"https:\/\/i1.wp.com\/wakacyjnyrewal.pl\/wp-content\/uploads\/2023\/07\/A91A4586-Edit-2-683x1024.jpg?strip=info&#038;w=533&#038;ssl=1 533w\" alt=\"Toscana bad\" data-height=\"800\" data-id=\"842\" data-link=\"https:\/\/wakacyjnyrewal.pl\/start\/a91a4586-edit-2-2\/\" data-url=\"https:\/\/wakacyjnyrewal.pl\/wp-content\/uploads\/2023\/07\/A91A4586-Edit-2-683x1024.jpg\" data-width=\"533\" src=\"https:\/\/i1.wp.com\/wakacyjnyrewal.pl\/wp-content\/uploads\/2023\/07\/A91A4586-Edit-2-683x1024.jpg?ssl=1\" data-amp-layout=\"responsive\"><\/a><\/figure><\/div><div class=\"tiled-gallery__col\" style=\"flex-basis:52.91095%\"><figure class=\"tiled-gallery__item\"><a href=\"https:\/\/i0.wp.com\/wakacyjnyrewal.pl\/wp-content\/uploads\/2022\/06\/Toskanski-55-1024x683.jpg?ssl=1\"><img decoding=\"async\" srcset=\"https:\/\/i0.wp.com\/wakacyjnyrewal.pl\/wp-content\/uploads\/2022\/06\/Toskanski-55-1024x683.jpg?strip=info&#038;w=600&#038;ssl=1 600w,https:\/\/i0.wp.com\/wakacyjnyrewal.pl\/wp-content\/uploads\/2022\/06\/Toskanski-55-1024x683.jpg?strip=info&#038;w=800&#038;ssl=1 800w\" alt=\"Toscana detalj\" data-height=\"533\" data-id=\"316\" data-link=\"https:\/\/wakacyjnyrewal.pl\/toskanski\/toskanski-55\/\" data-url=\"https:\/\/wakacyjnyrewal.pl\/wp-content\/uploads\/2022\/06\/Toskanski-55-1024x683.jpg\" data-width=\"800\" src=\"https:\/\/i0.wp.com\/wakacyjnyrewal.pl\/wp-content\/uploads\/2022\/06\/Toskanski-55-1024x683.jpg?ssl=1\" data-amp-layout=\"responsive\"><\/a><\/figure><\/div><div class=\"tiled-gallery__col\" style=\"flex-basis:23.54452%\"><figure class=\"tiled-gallery__item\"><a href=\"https:\/\/i0.wp.com\/wakacyjnyrewal.pl\/wp-content\/uploads\/2022\/06\/Toskanski-63-683x1024.jpg?ssl=1\"><img decoding=\"async\" srcset=\"https:\/\/i0.wp.com\/wakacyjnyrewal.pl\/wp-content\/uploads\/2022\/06\/Toskanski-63-683x1024.jpg?strip=info&#038;w=533&#038;ssl=1 533w\" alt=\"Toscana detalj\" data-height=\"800\" data-id=\"283\" data-link=\"https:\/\/wakacyjnyrewal.pl\/toskanski\/toskanski-63\/\" data-url=\"https:\/\/wakacyjnyrewal.pl\/wp-content\/uploads\/2022\/06\/Toskanski-63-683x1024.jpg\" data-width=\"533\" src=\"https:\/\/i0.wp.com\/wakacyjnyrewal.pl\/wp-content\/uploads\/2022\/06\/Toskanski-63-683x1024.jpg?ssl=1\" data-amp-layout=\"responsive\"><\/a><\/figure><\/div><\/div><div class=\"tiled-gallery__row\"><div class=\"tiled-gallery__col\" style=\"flex-basis:30.78843%\"><figure class=\"tiled-gallery__item\"><a href=\"https:\/\/i0.wp.com\/wakacyjnyrewal.pl\/wp-content\/uploads\/2022\/06\/Toskanski-43-683x1024.jpg?ssl=1\"><img decoding=\"async\" srcset=\"https:\/\/i2.wp.com\/wakacyjnyrewal.pl\/wp-content\/uploads\/2022\/06\/Toskanski-43-683x1024.jpg?strip=info&#038;w=533&#038;ssl=1 533w\" alt=\"Toscana detalj\" data-height=\"800\" data-id=\"309\" data-link=\"https:\/\/wakacyjnyrewal.pl\/toskanski\/toskanski-43\/\" data-url=\"https:\/\/wakacyjnyrewal.pl\/wp-content\/uploads\/2022\/06\/Toskanski-43-683x1024.jpg\" data-width=\"533\" src=\"https:\/\/i2.wp.com\/wakacyjnyrewal.pl\/wp-content\/uploads\/2022\/06\/Toskanski-43-683x1024.jpg?ssl=1\" data-amp-layout=\"responsive\"><\/a><\/figure><\/div><div class=\"tiled-gallery__col\" style=\"flex-basis:69.21157%\"><figure class=\"tiled-gallery__item\"><a href=\"https:\/\/i0.wp.com\/wakacyjnyrewal.pl\/wp-content\/uploads\/2023\/07\/PS5_2691-Edit-1024x683.jpg?ssl=1\"><img decoding=\"async\" srcset=\"https:\/\/i0.wp.com\/wakacyjnyrewal.pl\/wp-content\/uploads\/2023\/07\/PS5_2691-Edit-1024x683.jpg?strip=info&#038;w=600&#038;ssl=1 600w,https:\/\/i0.wp.com\/wakacyjnyrewal.pl\/wp-content\/uploads\/2023\/07\/PS5_2691-Edit-1024x683.jpg?strip=info&#038;w=800&#038;ssl=1 800w\" alt=\"Rycerska 4\" data-height=\"533\" data-id=\"967\" data-link=\"https:\/\/wakacyjnyrewal.pl\/prowansalski\/ps5_2691-edit\/\" data-url=\"https:\/\/wakacyjnyrewal.pl\/wp-content\/uploads\/2023\/07\/PS5_2691-Edit-1024x683.jpg\" data-width=\"800\" src=\"https:\/\/i0.wp.com\/wakacyjnyrewal.pl\/wp-content\/uploads\/2023\/07\/PS5_2691-Edit-1024x683.jpg?ssl=1\" data-amp-layout=\"responsive\"><\/a><\/figure><\/div><\/div><\/div><\/div>\n\n<div style=\"height:50px\" aria-hidden=\"true\" class=\"wp-block-spacer\"><\/div>\n\n<h2 class=\"wp-block-heading\">Anbefalt reisevei<\/h2>\n\n<div style=\"height:30px\" aria-hidden=\"true\" class=\"wp-block-spacer\"><\/div>\n\n<figure class=\"wp-block-image size-full is-style-default\"><img decoding=\"async\" loading=\"lazy\" width=\"1150\" height=\"832\" src=\"https:\/\/i0.wp.com\/wakacyjnyrewal.pl\/wp-content\/uploads\/2022\/04\/mapka.jpg?resize=1150%2C832\" alt=\"\" class=\"wp-image-255\" srcset=\"https:\/\/i0.wp.com\/wakacyjnyrewal.pl\/wp-content\/uploads\/2022\/04\/mapka.jpg?w=1150&amp;ssl=1 1150w, https:\/\/i0.wp.com\/wakacyjnyrewal.pl\/wp-content\/uploads\/2022\/04\/mapka.jpg?resize=300%2C217&amp;ssl=1 300w, https:\/\/i0.wp.com\/wakacyjnyrewal.pl\/wp-content\/uploads\/2022\/04\/mapka.jpg?resize=1024%2C741&amp;ssl=1 1024w, https:\/\/i0.wp.com\/wakacyjnyrewal.pl\/wp-content\/uploads\/2022\/04\/mapka.jpg?resize=768%2C556&amp;ssl=1 768w\" sizes=\"(max-width: 1150px) 100vw, 1150px\" data-recalc-dims=\"1\" \/><\/figure>","protected":false},"excerpt":{"rendered":"<p>Toscana-leiligheten Rewal, Rycerska gate 4 31,50 m\u00b2 for maks. 3 personer Fang et \u00f8yeblikk av ro og harmoni i italiensk stil. Toscana-leiligheten tiltrekker seg med sin elegante innredning, varme farger og romantiske atmosf\u00e6re. Toscana-leiligheten har et fullt utstyrt kj\u00f8kken hvor du kan tilberede dine favorittm\u00e5ltider. Kj\u00f8kkenet er innredet i moderne stil og tilbyr alle n\u00f8dvendige&hellip;<\/p>\n","protected":false},"author":1,"featured_media":0,"parent":0,"menu_order":0,"comment_status":"closed","ping_status":"closed","template":"","meta":[],"_links":{"self":[{"href":"https:\/\/wakacyjnyrewal.pl\/no\/wp-json\/wp\/v2\/pages\/1478"}],"collection":[{"href":"https:\/\/wakacyjnyrewal.pl\/no\/wp-json\/wp\/v2\/pages"}],"about":[{"href":"https:\/\/wakacyjnyrewal.pl\/no\/wp-json\/wp\/v2\/types\/page"}],"author":[{"embeddable":true,"href":"https:\/\/wakacyjnyrewal.pl\/no\/wp-json\/wp\/v2\/users\/1"}],"replies":[{"embeddable":true,"href":"https:\/\/wakacyjnyrewal.pl\/no\/wp-json\/wp\/v2\/comments?post=1478"}],"version-history":[{"count":1,"href":"https:\/\/wakacyjnyrewal.pl\/no\/wp-json\/wp\/v2\/pages\/1478\/revisions"}],"predecessor-version":[{"id":1489,"href":"https:\/\/wakacyjnyrewal.pl\/no\/wp-json\/wp\/v2\/pages\/1478\/revisions\/1489"}],"wp:attachment":[{"href":"https:\/\/wakacyjnyrewal.pl\/no\/wp-json\/wp\/v2\/media?parent=1478"}],"curies":[{"name":"wp","href":"https:\/\/api.w.org\/{rel}","templated":true}]}}